{"id":28341,"date":"2024-01-09T12:09:54","date_gmt":"2024-01-09T09:09:54","guid":{"rendered":"https:\/\/internationalplus.net\/hair-transplantation\/"},"modified":"2024-10-02T20:10:54","modified_gmt":"2024-10-02T20:10:54","slug":"transplanto-e-balengo","status":"publish","type":"page","link":"https:\/\/internationalplus.net\/ro\/transplanto-e-balengo\/","title":{"rendered":"Transplant de p\u0103r"},"content":{"rendered":"<div class=\"wpb-content-wrapper\"><p>[vc_section full_width=&#8221;stretch_row&#8221; pix_over_visibility=&#8221;&#8221; responsive_css=&#8221;{&#8222;pix_res_sm_pt&#8222;:&#8222;0&#8222;,&#8222;pix_res_sm_pb&#8222;:&#8222;30&#8222;}&#8221; css=&#8221;.vc_custom_1704809072274{padding-top: 0px !important;padding-bottom: 30px !important;background-color: #ffffff !important;}&#8221; el_class=&#8221;home-services&#8221;][vc_row full_width=&#8221;stretch_row&#8221; content_placement=&#8221;middle&#8221; pix_particles_check=&#8221;&#8221; el_class=&#8221;home-services-title&#8221; css=&#8221;.vc_custom_1704809053475{margin-bottom: 30px !important;background-color: #1b1b1b !important;}&#8221;][vc_column css=&#8221;.vc_custom_1704809016777{margin-top: 35px !important;margin-bottom: 35px !important;}&#8221;][vc_raw_html]W3dwc2J4X2h0bWxfYmxvY2sgaWQ9IjExMzY3Il0=[\/vc_raw_html]<div id=\"el1701959059936-7a45d8a3-0e13\" class=\"mb-3 text-center  vc_custom_1704809090311\"><div class=\"d-inline-block\" style=\"max-width:700px;\"><h1 class=\"mb-32 pix-sliding-headline-2 animate-in font-weight-bold secondary-font display-1 \" data-anim-type=\"pix-sliding-text\" pix-anim-delay=\"500\" data-class=\"secondary-font text-white\" style=\"\"><span class=\"slide-in-container \"><span class=\"pix-sliding-item secondary-font text-white\" style=\"transition-delay: 0ms;\">Transplant&#32;<\/span><\/span> <span class=\"slide-in-container \"><span class=\"pix-sliding-item secondary-font text-white\" style=\"transition-delay: 150ms;\">de&#32;<\/span><\/span> <span class=\"slide-in-container \"><span class=\"pix-sliding-item secondary-font text-white\" style=\"transition-delay: 300ms;\">p\u0103r&#32;<\/span><\/span> <\/h1><\/div><\/div><div class=\"text-center \"><div><p class=\"pix-headline my-3  slide-inverse text-white   \" style=\"\"><span>Transplant de p\u0103r: aspect natural, \u00eencredere natural\u0103 <\/span><span class=\"pix-words-wrapper is-last\"><span class=\"is-visible \" style=\"color:#333333;\"><\/span><\/span><\/p><\/div><\/div>[\/vc_column][\/vc_row][vc_row pix_particles_check=&#8221;&#8221;][vc_column width=&#8221;1\/4&#8243; offset=&#8221;vc_col-xs-6&#8243;]<div class=\"animate-in d-inline-flex flex-column w-100\" data-anim-type=\"fade-in-up\" data-anim-delay=\"0\"><div class=\"card w-100 h-100 bg-heading-default bg-transparent  vc_custom_1727899813081 text-left w-100 d-inline-block pix-hover-item rounded-lg position-relative overflow-hidden text-white\" ><img decoding=\"async\" srcset=\"https:\/\/internationalplus.net\/wp-content\/uploads\/2024\/02\/hair-transplant-icon-300x279.webp 300w, https:\/\/internationalplus.net\/wp-content\/uploads\/2024\/02\/hair-transplant-icon-500x464.webp 500w, https:\/\/internationalplus.net\/wp-content\/uploads\/2024\/02\/hair-transplant-icon.webp 560w\" src=\"https:\/\/internationalplus.net\/wp-content\/uploads\/2024\/02\/hair-transplant-icon.webp\" class=\"card-img pix-bg-image h-100 pix-img-scale pix-opacity-10 rounded-lg \" alt=\"Transplant de p\u0103r\" title=\"\"><a href=\"https:\/\/internationalplus.net\/ro\/transplanto-e-balengo\/transplanto-e-balengo\/\"  class=\"card-img-overlay2 d-inline-block w-100 pix-img-overlay pix-p-10 d-flex align-items-end\" style=\"min-height:250px;\"><div class=\"w-100\"><div class=\"card-content-box pix-p-20 rounded-lg w-100 shadow  bg-white d-flex justify-content-between align-items-center\"><h2 class=\"card-title font-weight-bold  text-heading-default m-0 w-100\" style=\"\">Transplant de p\u0103r<\/h2><\/div><\/div><\/a><\/div><\/div>[\/vc_column][vc_column width=&#8221;1\/4&#8243; offset=&#8221;vc_col-xs-6&#8243;]<div class=\"animate-in d-inline-flex flex-column w-100\" data-anim-type=\"fade-in-up\" data-anim-delay=\"0\"><div class=\"card w-100 h-100 bg-heading-default bg-transparent  vc_custom_1727899817837 text-left w-100 d-inline-block pix-hover-item rounded-lg position-relative overflow-hidden text-white\" ><img decoding=\"async\" srcset=\"https:\/\/internationalplus.net\/wp-content\/uploads\/2024\/02\/beard-transplant-300x279.webp 300w, https:\/\/internationalplus.net\/wp-content\/uploads\/2024\/02\/beard-transplant-768x713.webp 768w, https:\/\/internationalplus.net\/wp-content\/uploads\/2024\/02\/beard-transplant-1024x951.webp 1024w, https:\/\/internationalplus.net\/wp-content\/uploads\/2024\/02\/beard-transplant-1536x1427.webp 1536w, https:\/\/internationalplus.net\/wp-content\/uploads\/2024\/02\/beard-transplant-2048x1902.webp 2048w, https:\/\/internationalplus.net\/wp-content\/uploads\/2024\/02\/beard-transplant-500x464.webp 500w, https:\/\/internationalplus.net\/wp-content\/uploads\/2024\/02\/beard-transplant-800x743.webp 800w, https:\/\/internationalplus.net\/wp-content\/uploads\/2024\/02\/beard-transplant-1280x1189.webp 1280w, https:\/\/internationalplus.net\/wp-content\/uploads\/2024\/02\/beard-transplant-1920x1783.webp 1920w\" src=\"https:\/\/internationalplus.net\/wp-content\/uploads\/2024\/02\/beard-transplant.webp\" class=\"card-img pix-bg-image h-100 pix-img-scale pix-opacity-10 rounded-lg \" alt=\"Transplant de barb\u0103\" title=\"\"><a href=\"https:\/\/internationalplus.net\/ro\/transplanto-e-balengo\/transplanto-e-barvako\/\"  class=\"card-img-overlay2 d-inline-block w-100 pix-img-overlay pix-p-10 d-flex align-items-end\" style=\"min-height:250px;\"><div class=\"w-100\"><div class=\"card-content-box pix-p-20 rounded-lg w-100 shadow  bg-white d-flex justify-content-between align-items-center\"><h2 class=\"card-title font-weight-bold  text-heading-default m-0 w-100\" style=\"\">Transplant de barb\u0103<\/h2><\/div><\/div><\/a><\/div><\/div>[\/vc_column][vc_column width=&#8221;1\/4&#8243; offset=&#8221;vc_col-xs-6&#8243;]<div class=\"animate-in d-inline-flex flex-column w-100\" data-anim-type=\"fade-in-up\" data-anim-delay=\"0\"><div class=\"card w-100 h-100 bg-heading-default bg-transparent  vc_custom_1727899822418 text-left w-100 d-inline-block pix-hover-item rounded-lg position-relative overflow-hidden text-white\" ><img decoding=\"async\" srcset=\"https:\/\/internationalplus.net\/wp-content\/uploads\/2024\/02\/woman-hair-transplant-icon-300x279.webp 300w, https:\/\/internationalplus.net\/wp-content\/uploads\/2024\/02\/woman-hair-transplant-icon-500x464.webp 500w, https:\/\/internationalplus.net\/wp-content\/uploads\/2024\/02\/woman-hair-transplant-icon.webp 560w\" src=\"https:\/\/internationalplus.net\/wp-content\/uploads\/2024\/02\/woman-hair-transplant-icon.webp\" class=\"card-img pix-bg-image h-100 pix-img-scale pix-opacity-10 rounded-lg \" alt=\"Transplant de p\u0103r pentru femei\" title=\"\"><a href=\"https:\/\/internationalplus.net\/ro\/transplanto-e-balengo\/transplanto-e-balengo-e-zuvlikane\/\"  class=\"card-img-overlay2 d-inline-block w-100 pix-img-overlay pix-p-10 d-flex align-items-end\" style=\"min-height:250px;\"><div class=\"w-100\"><div class=\"card-content-box pix-p-20 rounded-lg w-100 shadow  bg-white d-flex justify-content-between align-items-center\"><h2 class=\"card-title font-weight-bold  text-heading-default m-0 w-100\" style=\"\">Transplant de p\u0103r pentru femei<\/h2><\/div><\/div><\/a><\/div><\/div>[\/vc_column][vc_column width=&#8221;1\/4&#8243; offset=&#8221;vc_col-xs-6&#8243;]<div class=\"animate-in d-inline-flex flex-column w-100\" data-anim-type=\"fade-in-up\" data-anim-delay=\"0\"><div class=\"card w-100 h-100 bg-heading-default bg-transparent  vc_custom_1727899829461 text-left w-100 d-inline-block pix-hover-item rounded-lg position-relative overflow-hidden text-white\" ><img decoding=\"async\" srcset=\"https:\/\/internationalplus.net\/wp-content\/uploads\/2024\/02\/eyebrow-transplant-icon-300x279.webp 300w, https:\/\/internationalplus.net\/wp-content\/uploads\/2024\/02\/eyebrow-transplant-icon-500x464.webp 500w, https:\/\/internationalplus.net\/wp-content\/uploads\/2024\/02\/eyebrow-transplant-icon.webp 560w\" src=\"https:\/\/internationalplus.net\/wp-content\/uploads\/2024\/02\/eyebrow-transplant-icon.webp\" class=\"card-img pix-bg-image h-100 pix-img-scale pix-opacity-10 rounded-lg \" alt=\"Transplant de spr\u00e2ncene\" title=\"\"><a href=\"https:\/\/internationalplus.net\/ro\/transplanto-e-balengo\/transplanto-e-balvalenqo\/\"  class=\"card-img-overlay2 d-inline-block w-100 pix-img-overlay pix-p-10 d-flex align-items-end\" style=\"min-height:250px;\"><div class=\"w-100\"><div class=\"card-content-box pix-p-20 rounded-lg w-100 shadow  bg-white d-flex justify-content-between align-items-center\"><h2 class=\"card-title font-weight-bold  text-heading-default m-0 w-100\" style=\"\">Transplant de spr\u00e2ncene<\/h2><\/div><\/div><\/a><\/div><\/div>[\/vc_column][\/vc_row][vc_row pix_particles_check=&#8221;&#8221;][vc_column width=&#8221;1\/4&#8243; offset=&#8221;vc_col-xs-6&#8243;]<div class=\"animate-in d-inline-flex flex-column w-100\" data-anim-type=\"fade-in-up\" data-anim-delay=\"0\"><div class=\"card w-100 h-100 bg-heading-default bg-transparent  vc_custom_1727899835253 text-left w-100 d-inline-block pix-hover-item rounded-lg position-relative overflow-hidden text-white\" ><img decoding=\"async\" srcset=\"https:\/\/internationalplus.net\/wp-content\/uploads\/2024\/03\/stem-cell-icon-300x279.webp 300w, https:\/\/internationalplus.net\/wp-content\/uploads\/2024\/03\/stem-cell-icon-768x713.webp 768w, https:\/\/internationalplus.net\/wp-content\/uploads\/2024\/03\/stem-cell-icon-1024x951.webp 1024w, https:\/\/internationalplus.net\/wp-content\/uploads\/2024\/03\/stem-cell-icon-1536x1427.webp 1536w, https:\/\/internationalplus.net\/wp-content\/uploads\/2024\/03\/stem-cell-icon-2048x1902.webp 2048w, https:\/\/internationalplus.net\/wp-content\/uploads\/2024\/03\/stem-cell-icon-500x464.webp 500w, https:\/\/internationalplus.net\/wp-content\/uploads\/2024\/03\/stem-cell-icon-800x743.webp 800w, https:\/\/internationalplus.net\/wp-content\/uploads\/2024\/03\/stem-cell-icon-1280x1189.webp 1280w, https:\/\/internationalplus.net\/wp-content\/uploads\/2024\/03\/stem-cell-icon-1920x1783.webp 1920w\" src=\"https:\/\/internationalplus.net\/wp-content\/uploads\/2024\/03\/stem-cell-icon.webp\" class=\"card-img pix-bg-image h-100 pix-img-scale pix-opacity-10 rounded-lg \" alt=\"Celule stem\" title=\"\"><a href=\"https:\/\/internationalplus.net\/ro\/transplanto-e-balengo\/celule-stem\/\"  class=\"card-img-overlay2 d-inline-block w-100 pix-img-overlay pix-p-10 d-flex align-items-end\" style=\"min-height:250px;\"><div class=\"w-100\"><div class=\"card-content-box pix-p-20 rounded-lg w-100 shadow  bg-white d-flex justify-content-between align-items-center\"><h2 class=\"card-title font-weight-bold  text-heading-default m-0 w-100\" style=\"\">Celule stem<\/h2><\/div><\/div><\/a><\/div><\/div>[\/vc_column][\/vc_row][\/vc_section]<\/p>\n<\/div>","protected":false},"excerpt":{"rendered":"<p>[vc_section full_width=&#8221;stretch_row&#8221; pix_over_visibility=&#8221;&#8221; responsive_css=&#8221;{&#8222;pix_res_sm_pt&#8222;:&#8222;0&#8222;,&#8222;pix_res_sm_pb&#8222;:&#8222;30&#8222;}&#8221; css=&#8221;.vc_custom_1704809072274{padding-top: 0px !important;padding-bottom: 30px !important;background-color: #ffffff !important;}&#8221; el_class=&#8221;home-services&#8221;][vc_row full_width=&#8221;stretch_row&#8221; content_placement=&#8221;middle&#8221; pix_particles_check=&#8221;&#8221; el_class=&#8221;home-services-title&#8221; css=&#8221;.vc_custom_1704809053475{margin-bottom: 30px !important;background-color: #1b1b1b !important;}&#8221;][vc_column css=&#8221;.vc_custom_1704809016777{margin-top: 35px !important;margin-bottom: 35px !important;}&#8221;][vc_raw_html]W3dwc2J4X2h0bWxfYmxvY2sgaWQ9IjExMzY3Il0=[\/vc_raw_html][\/vc_column][\/vc_row][vc_row pix_particles_check=&#8221;&#8221;][vc_column width=&#8221;1\/4&#8243; offset=&#8221;vc_col-xs-6&#8243;][\/vc_column][vc_column width=&#8221;1\/4&#8243; offset=&#8221;vc_col-xs-6&#8243;][\/vc_column][vc_column width=&#8221;1\/4&#8243; offset=&#8221;vc_col-xs-6&#8243;][\/vc_column][vc_column width=&#8221;1\/4&#8243; offset=&#8221;vc_col-xs-6&#8243;][\/vc_column][\/vc_row][vc_row pix_particles_check=&#8221;&#8221;][vc_column width=&#8221;1\/4&#8243; offset=&#8221;vc_col-xs-6&#8243;][\/vc_column][\/vc_row][\/vc_section]<\/p>\n","protected":false},"author":1,"featured_media":0,"parent":0,"menu_order":0,"comment_status":"closed","ping_status":"closed","template":"","meta":{"_vp_format_video_url":"","_vp_image_focal_point":[],"_joinchat":[],"footnotes":""},"class_list":["post-28341","page","type-page","status-publish","hentry"],"_links":{"self":[{"href":"https:\/\/internationalplus.net\/ro\/wp-json\/wp\/v2\/pages\/28341","targetHints":{"allow":["GET"]}}],"collection":[{"href":"https:\/\/internationalplus.net\/ro\/wp-json\/wp\/v2\/pages"}],"about":[{"href":"https:\/\/internationalplus.net\/ro\/wp-json\/wp\/v2\/types\/page"}],"author":[{"embeddable":true,"href":"https:\/\/internationalplus.net\/ro\/wp-json\/wp\/v2\/users\/1"}],"replies":[{"embeddable":true,"href":"https:\/\/internationalplus.net\/ro\/wp-json\/wp\/v2\/comments?post=28341"}],"version-history":[{"count":0,"href":"https:\/\/internationalplus.net\/ro\/wp-json\/wp\/v2\/pages\/28341\/revisions"}],"wp:attachment":[{"href":"https:\/\/internationalplus.net\/ro\/wp-json\/wp\/v2\/media?parent=28341"}],"curies":[{"name":"wp","href":"https:\/\/api.w.org\/{rel}","templated":true}]}}