{"id":27660,"date":"2024-01-17T15:25:37","date_gmt":"2024-01-17T12:25:37","guid":{"rendered":"https:\/\/internationalplus.net\/privacy-policy\/"},"modified":"2024-09-28T16:12:43","modified_gmt":"2024-09-28T16:12:43","slug":"politika-pal-i-privatnipe","status":"publish","type":"page","link":"https:\/\/internationalplus.net\/ro\/politika-pal-i-privatnipe\/","title":{"rendered":"Politica de confiden\u021bialitate"},"content":{"rendered":"<div class=\"wpb-content-wrapper\"><p>[vc_row pix_particles_check=&#8221;&#8221;][vc_column][vc_column_text]International Plus opereaz\u0103 site-ul https:\/\/internationalplus.net\/ (&#8222;tratament estetic, stomatologic, chirurgie bariatric\u0103 \u0219i transplant de p\u0103r&#8221;).<br \/>\nAceast\u0103 pagin\u0103 v\u0103 informeaz\u0103 despre politicile noastre privind colectarea, utilizarea \u0219i dezv\u0103luirea datelor cu caracter personal atunci c\u00e2nd utiliza\u021bi Serviciul nostru \u0219i op\u021biunile pe care le-a\u021bi asociat cu aceste date.<br \/>\nFolosim datele dumneavoastr\u0103 pentru a furniza \u0219i \u00eembun\u0103t\u0103\u021bi Serviciul.<br \/>\nPrin utilizarea Serviciului, sunte\u021bi de acord cu colectarea \u0219i utilizarea informa\u021biilor \u00een conformitate cu aceast\u0103 politic\u0103.<br \/>\nCu excep\u021bia cazului \u00een care este definit altfel \u00een aceast\u0103 Politic\u0103 de confiden\u021bialitate, termenii utiliza\u021bi \u00een aceast\u0103 Politic\u0103 de confiden\u021bialitate au acelea\u0219i semnifica\u021bii ca \u0219i \u00een Termenii \u0219i condi\u021biile noastre, accesibile de la https:\/\/internationalplus.net\/ <strong>COLECTAREA \u0218I UTILIZAREA INFORMA\u021aIILOR<\/strong> Colect\u0103m mai multe tipuri diferite de informa\u021bii \u00een diverse scopuri pentru a v\u0103 furniza \u0219i \u00eembun\u0103t\u0103\u021bi Serviciul nostru.<br \/>\nTipuri de date colectate <strong>DATE PERSONALE<\/strong> \u00cen timpul utiliz\u0103rii Serviciului nostru, v\u0103 putem cere s\u0103 ne furniza\u021bi anumite informa\u021bii de identificare personal\u0103 care pot fi utilizate pentru a v\u0103 contacta sau identifica (&#8222;Date personale&#8221;).<br \/>\nInforma\u021biile de identificare personal\u0103 pot include, dar nu se limiteaz\u0103 la: Adresa de e-mail Nume \u0219i prenume Num\u0103r de telefon Adres\u0103, stat, provincie, cod po\u0219tal, cookie-uri de ora\u0219 \u0219i date de utilizare <strong>DATE DE UTILIZARE<\/strong> De asemenea, putem colecta informa\u021bii despre modul \u00een care este accesat \u0219i utilizat Serviciul (&#8222;Date de utilizare&#8221;).<br \/>\nAceste date de utilizare pot include informa\u021bii precum adresa de protocol de internet a computerului dumneavoastr\u0103 (de exemplu, adresa IP), tipul de browser, versiunea browserului, paginile Serviciului nostru pe care le vizita\u021bi, ora \u0219i data vizitei dvs., timpul petrecut pe acele pagini, identificatori unici ai dispozitivului \u0219i alte date de diagnosticare. <strong>DATE DE URM\u0102RIRE \u0218I COOKIE-URI<\/strong> Folosim cookie-uri \u0219i tehnologii de urm\u0103rire similare pentru a urm\u0103ri activitatea pe Serviciul nostru \u0219i pentru a de\u021bine anumite informa\u021bii.<br \/>\nCookie-urile sunt fi\u0219iere cu o cantitate mic\u0103 de date care pot include un identificator unic anonim.<br \/>\nCookie-urile sunt trimise c\u0103tre browserul dumneavoastr\u0103 de pe un site web \u0219i stocate pe dispozitivul dumneavoastr\u0103.<br \/>\nTehnologiile de urm\u0103rire utilizate sunt, de asemenea, balize, etichete \u0219i scripturi pentru a colecta \u0219i urm\u0103ri informa\u021bii \u0219i pentru a \u00eembun\u0103t\u0103\u021bi \u0219i analiza Serviciul nostru.<br \/>\nPute\u021bi instrui browserul s\u0103 refuze toate cookie-urile sau s\u0103 indice c\u00e2nd este trimis un cookie.<br \/>\nCu toate acestea, dac\u0103 nu accepta\u021bi cookie-uri, este posibil s\u0103 nu pute\u021bi utiliza unele por\u021biuni ale Serviciului nostru. <strong>EXEMPLE DE COOKIE-URI PE CARE LE FOLOSIM:<\/strong> Cookie-uri de sesiune.<br \/>\nFolosim cookie-uri de sesiune pentru a ne opera serviciul.<br \/>\nCookie-uri de preferin\u021b\u0103.<br \/>\nFolosim cookie-uri de preferin\u021be pentru a v\u0103 aminti preferin\u021bele \u0219i diferitele set\u0103ri.<br \/>\nCookie-uri de securitate.<br \/>\nFolosim cookie-uri de securitate \u00een scopuri de securitate.                   <strong>UTILIZAREA DATELOR<\/strong>  International Plus utilizeaz\u0103 datele colectate \u00een diverse scopuri: Pentru a furniza \u0219i \u00eentre\u021bine Serviciul Pentru a v\u0103 notifica despre modific\u0103rile aduse Serviciului nostru Pentru a v\u0103 permite s\u0103 participa\u021bi la func\u021biile interactive ale Serviciului nostru atunci c\u00e2nd alege\u021bi s\u0103 face\u021bi acest lucru Pentru a oferi asisten\u021b\u0103 \u0219i asisten\u021b\u0103 pentru clien\u021bi Pentru a furniza analize sau informa\u021bii valoroase, astfel \u00eenc\u00e2t s\u0103 putem \u00eembun\u0103t\u0103\u021bi Serviciul Pentru a monitoriza utilizarea Serviciului Pentru a detecta,  Prevenirea \u0219i abordarea problemelor tehnice  <strong>TRANSFERUL DATELOR<\/strong>  Informa\u021biile dvs., inclusiv datele cu caracter personal, pot fi transferate \u0219i p\u0103strate pe computere situate \u00een afara statului, provinciei, \u021b\u0103rii sau altei jurisdic\u021bii guvernamentale \u00een care legile privind protec\u021bia datelor pot diferi de cele din jurisdic\u021bia dvs.<br \/>\nDac\u0103 v\u0103 afla\u021bi \u00een afara Turciei \u0219i alege\u021bi s\u0103 ne furniza\u021bi informa\u021bii, v\u0103 rug\u0103m s\u0103 re\u021bine\u021bi c\u0103 transfer\u0103m datele, inclusiv datele cu caracter personal, \u00een Turcia \u0219i le prelucr\u0103m acolo.<br \/>\nConsim\u021b\u0103m\u00e2ntul dumneavoastr\u0103 pentru aceast\u0103 Politic\u0103 de confiden\u021bialitate, urmat de trimiterea unor astfel de informa\u021bii, reprezint\u0103 acordul dumneavoastr\u0103 pentru acel transfer.<br \/>\nInternational Plus va lua toate m\u0103surile necesare \u00een mod rezonabil pentru a se asigura c\u0103 datele dumneavoastr\u0103 sunt tratate \u00een siguran\u021b\u0103 \u0219i \u00een conformitate cu aceast\u0103 Politic\u0103 de confiden\u021bialitate \u0219i niciun transfer al datelor dumneavoastr\u0103 cu caracter personal nu va avea loc c\u0103tre o organiza\u021bie sau o \u021bar\u0103 dec\u00e2t dac\u0103 exist\u0103 controale adecvate, inclusiv securitatea datelor dumneavoastr\u0103 \u0219i a altor informa\u021bii personale.<br \/>\n<strong>Dezv\u0103luirea datelor<\/strong> CERIN\u021aE LEGALE International Plus poate dezv\u0103lui datele dumneavoastr\u0103 cu caracter personal cu convingerea de bun\u0103 credin\u021b\u0103 c\u0103 o astfel de ac\u021biune este necesar\u0103 pentru: Pentru a respecta o obliga\u021bie legal\u0103 Pentru a proteja \u0219i ap\u0103ra drepturile sau proprietatea International Plus Pentru a preveni sau investiga posibile \u00eenc\u0103lc\u0103ri \u00een leg\u0103tur\u0103 cu Serviciul Pentru a proteja siguran\u021ba personal\u0103 a utilizatorilor Serviciului sau a publicului Pentru a proteja \u00eempotriva r\u0103spunderii legale <strong>SECURITATEA DATELOR<\/strong> Securitatea datelor dumneavoastr\u0103 este important\u0103 pentru noi, dar nu uita\u021bi c\u0103 nicio metod\u0103 de transmitere pe Internet sau metod\u0103 de stocare electronic\u0103 nu este 100% sigur\u0103.<br \/>\nDe\u0219i ne str\u0103duim s\u0103 folosim mijloace acceptabile din punct de vedere comercial pentru a v\u0103 proteja datele cu caracter personal, nu putem garanta securitatea absolut\u0103 a acestora. <strong>FURNIZORI DE SERVICII<\/strong> Putem angaja companii \u0219i persoane ter\u021be pentru a facilita Serviciul nostru (&#8222;Furnizori de servicii&#8221;), pentru a furniza Serviciul \u00een numele nostru, pentru a presta servicii legate de Servicii sau pentru a ne ajuta s\u0103 analiz\u0103m modul \u00een care este utilizat Serviciul nostru.<br \/>\nAceste ter\u021be p\u0103r\u021bi au acces la datele dumneavoastr\u0103 cu caracter personal numai pentru a \u00eendeplini aceste sarcini \u00een numele nostru \u0219i sunt obligate s\u0103 nu le dezv\u0103luie sau s\u0103 le utilizeze \u00een niciun alt scop. <strong>ANALYTICS<\/strong> Putem folosi furnizori de servicii ter\u021bi pentru a monitoriza \u0219i analiza utilizarea serviciului nostru.<br \/>\nGoogle Analytics este un serviciu de analiz\u0103 web oferit de Google care urm\u0103re\u0219te \u0219i raporteaz\u0103 traficul site-ului web.<br \/>\nGoogle folose\u0219te datele colectate pentru a urm\u0103ri \u0219i monitoriza utilizarea Serviciului nostru.<br \/>\nAceste date sunt trimise cu alte servicii Google.<br \/>\nGoogle poate folosi datele colectate pentru a contextualiza \u0219i personaliza anun\u021burile propriei re\u021bele de publicitate.<br \/>\nPute\u021bi renun\u021ba la punerea la dispozi\u021bie a activit\u0103\u021bii dvs. \u00een cadrul Serviciului pentru Google Analytics instal\u00e2nd add-on-ul de browser Google Analytics.<br \/>\nProgramul de completare \u00eempiedic\u0103 JavaScript Google Analytics (ga.js, analytics.js \u0219i dc.js) s\u0103 trimit\u0103 informa\u021bii cu Google Analytics despre activitatea vizitelor.<br \/>\nPentru mai multe informa\u021bii despre practicile de confiden\u021bialitate ale Google, v\u0103 rug\u0103m s\u0103 vizita\u021bi pagina web Google Privacy &amp; Terms: <strong>https:\/\/policies.google.com\/privacy?hl=en LINK-URI C\u0102TRE ALTE SITE-URI<\/strong> Serviciul nostru poate con\u021bine link-uri c\u0103tre alte site-uri care nu sunt operate de noi.<br \/>\nDac\u0103 face\u021bi clic pe un link ter\u021b, ve\u021bi fi direc\u021bionat c\u0103tre site-ul acelei ter\u021be p\u0103r\u021bi.<br \/>\nV\u0103 sf\u0103tuim s\u0103 revizui\u021bi Politica de confiden\u021bialitate a fiec\u0103rui site pe care \u00eel vizita\u021bi.<br \/>\nNu avem control \u0219i nu ne asum\u0103m nicio responsabilitate pentru con\u021binutul, politicile de confiden\u021bialitate sau practicile oric\u0103ror site-uri sau servicii ter\u021be. <strong>CONFIDEN\u021aIALITATEA COPIILOR<\/strong> Serviciul nostru nu se adreseaz\u0103 persoanelor sub 18 ani (&#8222;Copii&#8221;).                 Nu colect\u0103m cu bun\u0103 \u0219tiin\u021b\u0103 informa\u021bii de identificare personal\u0103 de la persoane cu v\u00e2rsta sub 18 ani.<br \/>\nDac\u0103 sunte\u021bi p\u0103rinte sau tutore \u0219i \u0219ti\u021bi c\u0103 copiii dumneavoastr\u0103 ne-au furnizat date cu caracter personal, v\u0103 rug\u0103m s\u0103 ne contacta\u021bi.<br \/>\nDac\u0103 afl\u0103m c\u0103 am colectat date cu caracter personal de la copii f\u0103r\u0103 verificarea consim\u021b\u0103m\u00e2ntului parental, lu\u0103m m\u0103suri pentru a elimina aceste informa\u021bii de pe serverele noastre. <strong>MODIFIC\u0102RI ALE ACESTEI POLITICI DE CONFIDEN\u021aIALITATE<\/strong> Este posibil s\u0103 ne actualiz\u0103m Politica de confiden\u021bialitate din c\u00e2nd \u00een c\u00e2nd.<br \/>\nV\u0103 vom notifica cu privire la orice modific\u0103ri prin postarea noii Politici de confiden\u021bialitate pe aceast\u0103 pagin\u0103.<br \/>\nV\u0103 vom anun\u021ba prin e-mail \u0219i\/sau printr-o notificare vizibil\u0103 pe Serviciul nostru, \u00eenainte ca modificarea s\u0103 intre \u00een vigoare \u0219i s\u0103 actualiz\u0103m &#8222;data intr\u0103rii \u00een vigoare&#8221; din partea de sus a acestei Politici de confiden\u021bialitate.<br \/>\nV\u0103 recomand\u0103m s\u0103 revizui\u021bi periodic aceast\u0103 Politic\u0103 de confiden\u021bialitate pentru orice modific\u0103ri.<br \/>\nModific\u0103rile aduse acestei politici de confiden\u021bialitate intr\u0103 \u00een vigoare atunci c\u00e2nd sunt postate pe aceast\u0103 pagin\u0103. <strong>CONTACTA\u021aI-NE<\/strong> Dac\u0103 ave\u021bi \u00eentreb\u0103ri cu privire la aceast\u0103 politic\u0103 de confiden\u021bialitate, v\u0103 rug\u0103m s\u0103 ne contacta\u021bi: Vizit\u00e2nd aceast\u0103 pagin\u0103 de pe site-ul nostru: <a href=\"https:\/\/internationalplus.net\/ro\/kontakto\/\">https:\/\/internationalplus.net\/contact\/<\/a>      [\/vc_column_text][\/vc_column][\/vc_row]<\/p>\n<\/div>","protected":false},"excerpt":{"rendered":"<p>[vc_row pix_particles_check=&#8221;&#8221;][vc_column][vc_column_text]International Plus opereaz\u0103 site-ul https:\/\/internationalplus.net\/ (&#8222;tratament estetic, stomatologic, chirurgie bariatric\u0103 \u0219i transplant de p\u0103r&#8221;). Aceast\u0103 pagin\u0103 v\u0103 informeaz\u0103 despre politicile noastre privind colectarea, utilizarea \u0219i dezv\u0103luirea datelor cu caracter personal atunci c\u00e2nd utiliza\u021bi Serviciul nostru \u0219i op\u021biunile pe care&#8230;<\/p>\n","protected":false},"author":1,"featured_media":0,"parent":0,"menu_order":0,"comment_status":"closed","ping_status":"closed","template":"","meta":{"_vp_format_video_url":"","_vp_image_focal_point":[],"_joinchat":[],"footnotes":""},"class_list":["post-27660","page","type-page","status-publish","hentry"],"_links":{"self":[{"href":"https:\/\/internationalplus.net\/ro\/wp-json\/wp\/v2\/pages\/27660","targetHints":{"allow":["GET"]}}],"collection":[{"href":"https:\/\/internationalplus.net\/ro\/wp-json\/wp\/v2\/pages"}],"about":[{"href":"https:\/\/internationalplus.net\/ro\/wp-json\/wp\/v2\/types\/page"}],"author":[{"embeddable":true,"href":"https:\/\/internationalplus.net\/ro\/wp-json\/wp\/v2\/users\/1"}],"replies":[{"embeddable":true,"href":"https:\/\/internationalplus.net\/ro\/wp-json\/wp\/v2\/comments?post=27660"}],"version-history":[{"count":0,"href":"https:\/\/internationalplus.net\/ro\/wp-json\/wp\/v2\/pages\/27660\/revisions"}],"wp:attachment":[{"href":"https:\/\/internationalplus.net\/ro\/wp-json\/wp\/v2\/media?parent=27660"}],"curies":[{"name":"wp","href":"https:\/\/api.w.org\/{rel}","templated":true}]}}