{"id":27659,"date":"2024-03-11T14:36:15","date_gmt":"2024-03-11T11:36:15","guid":{"rendered":"https:\/\/internationalplus.net\/partnership\/"},"modified":"2024-09-28T16:12:27","modified_gmt":"2024-09-28T16:12:27","slug":"partneripe","status":"publish","type":"page","link":"https:\/\/internationalplus.net\/ro\/partneripe\/","title":{"rendered":"Parteneriat"},"content":{"rendered":"<div class=\"wpb-content-wrapper\"><p>[vc_row pix_particles_check=&#8221;&#8221;][vc_column][vc_column_text css=&#8221;&#8221;]<\/p>\n<h3><strong>Descoperi\u021bi oportunit\u0103\u021bi interesante de parteneriat cu noi!<\/strong><\/h3>\n<p>Dac\u0103 sunte\u021bi o persoan\u0103 influent\u0103, o agen\u021bie, un fenomen al re\u021belelor sociale sau cineva care are o re\u021bea social\u0103 larg\u0103 \u0219i dore\u0219te s\u0103 colaboreze, atunci v\u0103 invit\u0103m s\u0103 deveni\u021bi un membru valoros al Programului de parteneriat Internat\u0131onal Plus.<\/p>\n<p>Programul nostru de parteneriat v\u0103 ofer\u0103 s\u0103 ob\u021bine\u021bi venituri suplimentare pentru dvs., individual sau pentru compania dvs., permi\u021b\u00e2ndu-v\u0103 s\u0103 trimite\u021bi poten\u021biali pacien\u021bi c\u0103tre serviciile noastre prestigioase de turism de s\u0103n\u0103tate.<\/p>\n<p>Al\u0103tura\u021bi-v\u0103 nou\u0103, s\u0103 cre\u0103m un parteneriat reciproc avantajos.<br \/>\nContacta\u021bi-ne acum pentru a explora oportunit\u0103\u021bile de parteneriat.[\/vc_column_text][vc_raw_html css=&#8221;&#8221;]PGlmcmFtZSBhcmlhLWxhYmVsPSJCMkIgRm9ybSIgZnJhbWVib3JkZXI9IjAiIHN0eWxlPSJoZWlnaHQ6NjAwcHg7d2lkdGg6OTklO2JvcmRlcjpub25lOyIgc3JjPSJodHRwczovL2Zvcm1zLnpvaG9wdWJsaWMuY29tL3NhbWlsc2FuL2Zvcm0vQjJCRm9ybS9mb3JtcGVybWEvUkRmWUpGSVlVZTYzSGhud1NXYU1HRnpoOTctZVRINlZtbzJYWEJvV0dabyI+PC9pZnJhbWU+[\/vc_raw_html][\/vc_column][\/vc_row]<\/p>\n<\/div>","protected":false},"excerpt":{"rendered":"<p>[vc_row pix_particles_check=&#8221;&#8221;][vc_column][vc_column_text css=&#8221;&#8221;] Descoperi\u021bi oportunit\u0103\u021bi interesante de parteneriat cu noi! Dac\u0103 sunte\u021bi o persoan\u0103 influent\u0103, o agen\u021bie, un fenomen al re\u021belelor sociale sau cineva care are o re\u021bea social\u0103 larg\u0103 \u0219i dore\u0219te s\u0103 colaboreze, atunci v\u0103 invit\u0103m s\u0103 deveni\u021bi un&#8230;<\/p>\n","protected":false},"author":1,"featured_media":0,"parent":0,"menu_order":0,"comment_status":"closed","ping_status":"closed","template":"","meta":{"_vp_format_video_url":"","_vp_image_focal_point":[],"_joinchat":[],"footnotes":""},"class_list":["post-27659","page","type-page","status-publish","hentry"],"_links":{"self":[{"href":"https:\/\/internationalplus.net\/ro\/wp-json\/wp\/v2\/pages\/27659","targetHints":{"allow":["GET"]}}],"collection":[{"href":"https:\/\/internationalplus.net\/ro\/wp-json\/wp\/v2\/pages"}],"about":[{"href":"https:\/\/internationalplus.net\/ro\/wp-json\/wp\/v2\/types\/page"}],"author":[{"embeddable":true,"href":"https:\/\/internationalplus.net\/ro\/wp-json\/wp\/v2\/users\/1"}],"replies":[{"embeddable":true,"href":"https:\/\/internationalplus.net\/ro\/wp-json\/wp\/v2\/comments?post=27659"}],"version-history":[{"count":0,"href":"https:\/\/internationalplus.net\/ro\/wp-json\/wp\/v2\/pages\/27659\/revisions"}],"wp:attachment":[{"href":"https:\/\/internationalplus.net\/ro\/wp-json\/wp\/v2\/media?parent=27659"}],"curies":[{"name":"wp","href":"https:\/\/api.w.org\/{rel}","templated":true}]}}