{"id":75670,"date":"2024-03-11T14:36:15","date_gmt":"2024-03-11T11:36:15","guid":{"rendered":"https:\/\/internationalplus.net\/partnership\/"},"modified":"2025-09-08T17:46:28","modified_gmt":"2025-09-08T14:46:28","slug":"parceria","status":"publish","type":"page","link":"https:\/\/internationalplus.net\/pt-pt\/parceria\/","title":{"rendered":"Parceria"},"content":{"rendered":"<div class=\"wpb-content-wrapper\"><p>[vc_row pix_particles_check=&#8221;&#8221;][vc_column][vc_column_text css=&#8221;&#8221;]<\/p>\n<h3><strong>Descubra Incr\u00edveis Oportunidades de Parceria Connosco!<\/strong><\/h3>\n<p>Quer seja uma pessoa influente, uma ag\u00eancia, um fen\u00f3meno das redes sociais ou algu\u00e9m com uma ampla rede social e procura colaborar, convidamo-lo a tornar-se um membro valioso do Programa de Parcerias Internacional Plus.<\/p>\n<p>O nosso programa de parcerias oferece rendimentos extra para si, individualmente ou para a sua empresa, permitindo-lhe recomendar potenciais pacientes para os nossos prestigiados servi\u00e7os de turismo de sa\u00fade.<\/p>\n<p>Junte-se a n\u00f3s e vamos criar uma parceria mutuamente ben\u00e9fica. Contacte-nos agora para explorar oportunidades de parceria.[\/vc_column_text][vc_raw_html css=&#8221;&#8221;]JTNDaWZyYW1lJTIwYXJpYS1sYWJlbCUzRCUyN0IyQiUyMEZvcm0lMjclMjBmcmFtZWJvcmRlciUzRCUyMjAlMjIlMjBzdHlsZSUzRCUyMmhlaWdodCUzQTYwMHB4JTNCd2lkdGglM0E5OSUyNSUzQmJvcmRlciUzQW5vbmUlM0IlMjIlMjBzcmMlM0QlMjdodHRwcyUzQSUyRiUyRmZvcm1zLnpvaG9wdWJsaWMuY29tJTJGc2FtaWxzYW4lMkZmb3JtJTJGQjJCRm9ybSUyRmZvcm1wZXJtYSUyRlJEZllKRklZVWU2M0hobndTV2FNR0Z6aDk3LWVUSDZWbW8yWFhCb1dHWm8lMjclM0UlM0MlMkZpZnJhbWUlM0U=[\/vc_raw_html][\/vc_column][\/vc_row]<\/p>\n<\/div>","protected":false},"excerpt":{"rendered":"<p>[vc_row pix_particles_check=&#8221;&#8221;][vc_column][vc_column_text css=&#8221;&#8221;] Descubra Incr\u00edveis Oportunidades de Parceria Connosco! Quer seja uma pessoa influente, uma ag\u00eancia, um fen\u00f3meno das redes sociais ou algu\u00e9m com uma ampla rede social e procura colaborar, convidamo-lo a tornar-se um membro valioso do Programa de&#8230;<\/p>\n","protected":false},"author":1,"featured_media":0,"parent":0,"menu_order":0,"comment_status":"closed","ping_status":"closed","template":"","meta":{"_vp_format_video_url":"","_vp_image_focal_point":[],"_joinchat":[],"footnotes":""},"class_list":["post-75670","page","type-page","status-publish","hentry"],"_links":{"self":[{"href":"https:\/\/internationalplus.net\/pt-pt\/wp-json\/wp\/v2\/pages\/75670","targetHints":{"allow":["GET"]}}],"collection":[{"href":"https:\/\/internationalplus.net\/pt-pt\/wp-json\/wp\/v2\/pages"}],"about":[{"href":"https:\/\/internationalplus.net\/pt-pt\/wp-json\/wp\/v2\/types\/page"}],"author":[{"embeddable":true,"href":"https:\/\/internationalplus.net\/pt-pt\/wp-json\/wp\/v2\/users\/1"}],"replies":[{"embeddable":true,"href":"https:\/\/internationalplus.net\/pt-pt\/wp-json\/wp\/v2\/comments?post=75670"}],"version-history":[{"count":0,"href":"https:\/\/internationalplus.net\/pt-pt\/wp-json\/wp\/v2\/pages\/75670\/revisions"}],"wp:attachment":[{"href":"https:\/\/internationalplus.net\/pt-pt\/wp-json\/wp\/v2\/media?parent=75670"}],"curies":[{"name":"wp","href":"https:\/\/api.w.org\/{rel}","templated":true}]}}