{"id":74070,"date":"2024-01-17T15:25:37","date_gmt":"2024-01-17T12:25:37","guid":{"rendered":"https:\/\/internationalplus.net\/privacy-policy\/"},"modified":"2025-09-08T14:22:29","modified_gmt":"2025-09-08T11:22:29","slug":"politica-de-privacidade","status":"publish","type":"page","link":"https:\/\/internationalplus.net\/pt-pt\/politica-de-privacidade\/","title":{"rendered":"Pol\u00edtica de Privacidade"},"content":{"rendered":"<div class=\"wpb-content-wrapper\"><p>[vc_row pix_particles_check=&#8221;&#8221;][vc_column][vc_column_text css=&#8221;&#8221;]A International Plus opera o site https:\/\/internationalplus.net\/ (os &#8220;tratamentos est\u00e9ticos, dent\u00e1rios, cirurgias bari\u00e1tricas e transplante capilar&#8221;).<\/p>\n<p>Esta p\u00e1gina informa-o sobre as nossas pol\u00edticas relativas \u00e0 recolha, utiliza\u00e7\u00e3o e divulga\u00e7\u00e3o de dados pessoais quando utiliza o nosso Servi\u00e7o e as op\u00e7\u00f5es que associou a esses dados.<\/p>\n<p>Utilizamos os seus dados para fornecer e melhorar o Servi\u00e7o. Ao utilizar o Servi\u00e7o, concorda com a recolha e utiliza\u00e7\u00e3o de informa\u00e7\u00f5es de acordo com esta pol\u00edtica. Salvo defini\u00e7\u00e3o em contr\u00e1rio nesta Pol\u00edtica de Privacidade, os termos utilizados nesta Pol\u00edtica de Privacidade t\u00eam os mesmos significados que nos nossos Termos e Condi\u00e7\u00f5es, acess\u00edveis em https:\/\/internationalplus.net\/<\/p>\n<p>RECOLHA E USO DE INFORMA\u00c7\u00d5ES<\/p>\n<p>Recolhemos diversos tipos de informa\u00e7\u00e3o para diversos fins, a fim de lhe fornecer e melhorar o nosso Servi\u00e7o.<\/p>\n<p>Tipos de Dados Recolhidos<\/p>\n<p>DADOS PESSOAIS<\/p>\n<p>Ao utilizar o nosso Servi\u00e7o, poderemos solicitar que nos forne\u00e7a determinadas informa\u00e7\u00f5es de identifica\u00e7\u00e3o pessoal que podem ser utilizadas para contact\u00e1-lo ou identific\u00e1-lo (&#8220;Dados Pessoais&#8221;). As informa\u00e7\u00f5es de identifica\u00e7\u00e3o pessoal podem incluir, entre outras:<\/p>\n<p>Endere\u00e7o de e-mail<\/p>\n<p>Nome e apelido<\/p>\n<p>N\u00famero de telefone<\/p>\n<p>Morada, Estado, Prov\u00edncia, C\u00f3digo Postal, Cidade<\/p>\n<p>Cookies e Dados de Utiliza\u00e7\u00e3o<\/p>\n<p>DADOS DE UTILIZA\u00c7\u00c3O<\/p>\n<p>Podemos tamb\u00e9m recolher informa\u00e7\u00f5es sobre como o Servi\u00e7o \u00e9 acedido e utilizado (&#8220;Dados de Utiliza\u00e7\u00e3o&#8221;). Estes Dados de Utiliza\u00e7\u00e3o podem incluir informa\u00e7\u00f5es como o endere\u00e7o de Protocolo de Internet do seu computador (por exemplo, endere\u00e7o IP), o tipo de navegador, a vers\u00e3o do navegador, as p\u00e1ginas do nosso Servi\u00e7o que visita, a hora e a data da sua visita, o tempo gasto nessas p\u00e1ginas, identificadores \u00fanicos do dispositivo e outros dados de diagn\u00f3stico.<\/p>\n<p>DADOS DE RASTREAMENTO E COOKIES<\/p>\n<p>Utilizamos cookies e tecnologias de rastreio semelhantes para rastrear a atividade no nosso Servi\u00e7o e armazenar determinadas informa\u00e7\u00f5es.<\/p>\n<p>Os cookies s\u00e3o ficheiros com uma pequena quantidade de dados que podem incluir um identificador \u00fanico an\u00f3nimo. Os cookies s\u00e3o enviados para o seu navegador a partir de um website e armazenados no seu dispositivo. As tecnologias de rastreio tamb\u00e9m utilizadas s\u00e3o beacons, tags e scripts para recolher e rastrear informa\u00e7\u00e3o e para melhorar e analisar o nosso Servi\u00e7o.<\/p>\n<p>Pode instruir o seu navegador para recusar todos os cookies ou para indicar quando um cookie est\u00e1 a ser enviado. No entanto, se n\u00e3o aceitar os cookies, poder\u00e1 n\u00e3o conseguir utilizar algumas partes do nosso Servi\u00e7o.<\/p>\n<p>EXEMPLOS DE COOKIES QUE UTILIZAMOS:<\/p>\n<p>Bolachas de Sess\u00e3o. Utilizamos Cookies de Sess\u00e3o para operar o nosso Servi\u00e7o.<\/p>\n<p>Cookies de Prefer\u00eancia. Utilizamos Cookies de Prefer\u00eancia para recordar as suas prefer\u00eancias e diversas defini\u00e7\u00f5es.<\/p>\n<p>Cookies de Seguran\u00e7a. Utilizamos Cookies de Seguran\u00e7a para fins de seguran\u00e7a.<\/p>\n<p>USO DE DADOS<\/p>\n<p>A International Plus utiliza os dados recolhidos para diversos fins:<\/p>\n<p>Para fornecer e manter o Servi\u00e7o<\/p>\n<p>Para o notificar sobre altera\u00e7\u00f5es no nosso Servi\u00e7o<\/p>\n<p>Para lhe permitir participar em recursos interativos do nosso Servi\u00e7o quando desejar<\/p>\n<p>Para prestar atendimento e suporte ao cliente<\/p>\n<p>Para fornecer an\u00e1lises ou informa\u00e7\u00f5es valiosas para que possamos melhorar o Servi\u00e7o<\/p>\n<p>Para monitorizar o uso do Servi\u00e7o<\/p>\n<p>Para detetar, prevenir e solucionar problemas t\u00e9cnicos<\/p>\n<p>TRANSFER\u00caNCIA DE DADOS<\/p>\n<p>As suas informa\u00e7\u00f5es, incluindo os Dados Pessoais, podem ser transferidas para \u2014 e mantidas em \u2014 computadores localizados fora do seu estado, prov\u00edncia, pa\u00eds ou outra jurisdi\u00e7\u00e3o governamental onde as leis de prote\u00e7\u00e3o de dados possam ser diferentes das da sua jurisdi\u00e7\u00e3o.<\/p>\n<p>Se estiver localizado fora da Turquia e optar por nos fornecer informa\u00e7\u00f5es, note que transferimos os dados, incluindo Dados Pessoais, para a Turquia e tratamo-los l\u00e1.<\/p>\n<p>Se consentir esta Pol\u00edtica de Privacidade, seguido do envio desta informa\u00e7\u00e3o, representa a sua concord\u00e2ncia com esta transfer\u00eancia.<\/p>\n<p>A International Plus tomar\u00e1 todas as medidas razoavelmente necess\u00e1rias para garantir que os seus dados s\u00e3o tratados de forma segura e em conformidade com esta Pol\u00edtica de Privacidade, e n\u00e3o ocorrer\u00e1 qualquer transfer\u00eancia dos seus Dados Pessoais para uma organiza\u00e7\u00e3o ou pa\u00eds, a menos que existam controlos adequados em vigor, incluindo a seguran\u00e7a dos seus dados e outras informa\u00e7\u00f5es pessoais.<\/p>\n<p>Divulga\u00e7\u00e3o de Dados<\/p>\n<p>REQUISITOS LEGAIS<\/p>\n<p>A International Plus poder\u00e1 divulgar os seus Dados Pessoais acreditando, de boa-f\u00e9, que tal a\u00e7\u00e3o \u00e9 necess\u00e1ria para:<\/p>\n<p>Cumprir uma obriga\u00e7\u00e3o legal<\/p>\n<p>Proteger e defender os direitos ou a propriedade da International Plus<\/p>\n<p>Prevenir ou investigar poss\u00edveis irregularidades relacionadas com o Servi\u00e7o<\/p>\n<p>Proteger a seguran\u00e7a pessoal dos utilizadores do Servi\u00e7o ou do p\u00fablico<\/p>\n<p>Proteger contra a responsabilidade legal<\/p>\n<p>SEGURAN\u00c7A DE DADOS<\/p>\n<p>A seguran\u00e7a dos seus dados \u00e9 importante para n\u00f3s, mas lembre-se que nenhum m\u00e9todo de transmiss\u00e3o pela internet ou m\u00e9todo de armazenamento eletr\u00f3nico \u00e9 100% seguro. Embora nos esforcemos por utilizar meios comercialmente aceit\u00e1veis \u200b\u200bpara proteger os seus Dados Pessoais, n\u00e3o podemos garantir a sua seguran\u00e7a absoluta.<\/p>\n<p>PRESTADORES DE SERVI\u00c7OS<\/p>\n<p>Poderemos contratar empresas e indiv\u00edduos terceiros para facilitar o nosso Servi\u00e7o (\u201cPrestadores de Servi\u00e7os\u201d), para prestar o Servi\u00e7o em nosso nome, para executar servi\u00e7os relacionados com o Servi\u00e7o ou para nos auxiliar na an\u00e1lise da forma como o nosso Servi\u00e7o \u00e9 utilizado.<\/p>\n<p>Estes terceiros t\u00eam acesso aos seus Dados Pessoais apenas para executar estas tarefas em nosso nome e<\/p>\n<p>d s\u00e3o obrigados a n\u00e3o os divulgar ou utilizar para qualquer outra finalidade.<\/p>\n<p>ANALYTICS<\/p>\n<p>Podemos utilizar Fornecedores de Servi\u00e7os terceiros para monitorizar e analisar a utiliza\u00e7\u00e3o do nosso Servi\u00e7o.<\/p>\n<p>O Google Analytics \u00e9 um servi\u00e7o de an\u00e1lise da web oferecido pela Google que rastreia e reporta o tr\u00e1fego de sites. O Google utiliza os dados recolhidos para rastrear e monitorizar a utiliza\u00e7\u00e3o do nosso Servi\u00e7o. Estes dados s\u00e3o partilhados com outros servi\u00e7os do Google. O Google pode utilizar os dados recolhidos para contextualizar e personalizar os an\u00fancios da sua pr\u00f3pria rede de publicidade. Pode optar por n\u00e3o ter a sua atividade no Servi\u00e7o dispon\u00edvel para o Google Analytics, instalando o complemento de desativa\u00e7\u00e3o do Google Analytics no browser. O add-on impede que o JavaScript do Google Analytics (ga.js, analytics.js e dc.js) partilhe informa\u00e7\u00f5es com o Google Analytics sobre a atividade de visitas. Para mais informa\u00e7\u00f5es sobre as pr\u00e1ticas de privacidade da Google, visite a p\u00e1gina de Privacidade e Termos da Google: https:\/\/policies.google.com\/privacy?hl=en<\/p>\n<p>LIGA\u00c7\u00d5ES PARA OUTROS SITES<\/p>\n<p>O nosso Servi\u00e7o pode conter links para outros sites que n\u00e3o s\u00e3o operados por n\u00f3s. Se clicar num link de terceiros, ser\u00e1 direcionado para o site desse terceiro. Recomendamos vivamente que reveja a Pol\u00edtica de Privacidade de cada site que visita.<\/p>\n<p>N\u00e3o temos qualquer controlo e n\u00e3o assumimos qualquer responsabilidade pelo conte\u00fado, pol\u00edticas de privacidade ou pr\u00e1ticas de quaisquer sites ou servi\u00e7os de terceiros.<\/p>\n<p>PRIVACIDADE DAS CRIAN\u00c7AS<\/p>\n<p>O nosso Servi\u00e7o n\u00e3o se dirige a menores de 18 anos (&#8220;Crian\u00e7as&#8221;).<\/p>\n<p>N\u00e3o recolhemos intencionalmente informa\u00e7\u00f5es de identifica\u00e7\u00e3o pessoal de menores de 18 anos. Se for pai\/m\u00e3e ou encarregado de educa\u00e7\u00e3o e tiver conhecimento de que os seus Filhos nos forneceram Dados Pessoais, por favor contacte-nos. Se tomarmos conhecimento de que recolhemos Dados Pessoais de crian\u00e7as sem a verifica\u00e7\u00e3o do consentimento dos pais, tomaremos medidas para remover essas informa\u00e7\u00f5es dos nossos servidores.<\/p>\n<p>ALTERA\u00c7\u00d5ES A ESTA POL\u00cdTICA DE PRIVACIDADE<\/p>\n<p>Podemos atualizar a nossa Pol\u00edtica de Privacidade periodicamente. Notific\u00e1-lo-emos sobre quaisquer altera\u00e7\u00f5es publicando a nova Pol\u00edtica de Privacidade nesta p\u00e1gina.<\/p>\n<p>Informaremos por e-mail e\/ou atrav\u00e9s de um aviso em destaque no nosso Servi\u00e7o, antes da altera\u00e7\u00e3o entrar em vigor, e atualizaremos a &#8220;data de entrada em vigor&#8221; no topo desta Pol\u00edtica de Privacidade.<\/p>\n<p>Recomendamos que reveja esta Pol\u00edtica de Privacidade periodicamente para verificar quaisquer altera\u00e7\u00f5es. As altera\u00e7\u00f5es a esta Pol\u00edtica de Privacidade entram em vigor quando publicadas nesta p\u00e1gina.<\/p>\n<p>CONTACTE-NOS<\/p>\n<p>Caso tenha alguma d\u00favida sobre esta Pol\u00edtica de Privacidade, por favor contacte-nos:<\/p>\n<p>Visitando esta p\u00e1gina no nosso site: https:\/\/internationalplus.net\/contact\/[\/vc_column_text][\/vc_column][\/vc_row]<\/p>\n<\/div>","protected":false},"excerpt":{"rendered":"<p>[vc_row pix_particles_check=&#8221;&#8221;][vc_column][vc_column_text css=&#8221;&#8221;]A International Plus opera o site https:\/\/internationalplus.net\/ (os &#8220;tratamentos est\u00e9ticos, dent\u00e1rios, cirurgias bari\u00e1tricas e transplante capilar&#8221;). Esta p\u00e1gina informa-o sobre as nossas pol\u00edticas relativas \u00e0 recolha, utiliza\u00e7\u00e3o e divulga\u00e7\u00e3o de dados pessoais quando utiliza o nosso Servi\u00e7o e&#8230;<\/p>\n","protected":false},"author":1,"featured_media":0,"parent":0,"menu_order":0,"comment_status":"closed","ping_status":"closed","template":"","meta":{"_vp_format_video_url":"","_vp_image_focal_point":[],"_joinchat":[],"footnotes":""},"class_list":["post-74070","page","type-page","status-publish","hentry"],"_links":{"self":[{"href":"https:\/\/internationalplus.net\/pt-pt\/wp-json\/wp\/v2\/pages\/74070","targetHints":{"allow":["GET"]}}],"collection":[{"href":"https:\/\/internationalplus.net\/pt-pt\/wp-json\/wp\/v2\/pages"}],"about":[{"href":"https:\/\/internationalplus.net\/pt-pt\/wp-json\/wp\/v2\/types\/page"}],"author":[{"embeddable":true,"href":"https:\/\/internationalplus.net\/pt-pt\/wp-json\/wp\/v2\/users\/1"}],"replies":[{"embeddable":true,"href":"https:\/\/internationalplus.net\/pt-pt\/wp-json\/wp\/v2\/comments?post=74070"}],"version-history":[{"count":0,"href":"https:\/\/internationalplus.net\/pt-pt\/wp-json\/wp\/v2\/pages\/74070\/revisions"}],"wp:attachment":[{"href":"https:\/\/internationalplus.net\/pt-pt\/wp-json\/wp\/v2\/media?parent=74070"}],"curies":[{"name":"wp","href":"https:\/\/api.w.org\/{rel}","templated":true}]}}