{"id":57929,"date":"2025-04-03T00:44:59","date_gmt":"2025-04-02T21:44:59","guid":{"rendered":"https:\/\/internationalplus.net\/medical-aesthetics\/"},"modified":"2025-07-07T17:56:13","modified_gmt":"2025-07-07T14:56:13","slug":"medyczna-estetyka","status":"publish","type":"page","link":"https:\/\/internationalplus.net\/pl\/medyczna-estetyka\/","title":{"rendered":"Estetyka medyczna"},"content":{"rendered":"<div class=\"wpb-content-wrapper\"><p>[vc_section full_width=&#8221;stretch_row&#8221; pix_over_visibility=&#8221;&#8221; responsive_css=&#8221;{&#8222;pix_res_sm_pt&#8222;:&#8222;0&#8222;,&#8222;pix_res_sm_pb&#8222;:&#8222;30&#8222;}&#8221; css=&#8221;.vc_custom_1704808874364{padding-top: 0px !important;padding-bottom: 30px !important;background-color: #ffffff !important;}&#8221; el_class=&#8221;home-services&#8221;][vc_row full_width=&#8221;stretch_row&#8221; content_placement=&#8221;middle&#8221; pix_particles_check=&#8221;&#8221; el_class=&#8221;home-services-title&#8221; css=&#8221;.vc_custom_1704808865764{margin-bottom: 30px !important;background-color: #1b1b1b !important;}&#8221;][vc_column css=&#8221;.vc_custom_1704808888847{margin-top: 35px !important;margin-bottom: 35px !important;}&#8221;][vc_raw_html]W3dwc2J4X2h0bWxfYmxvY2sgaWQ9IjExMzY3Il0=[\/vc_raw_html]<div id=\"el1701959059936-7a45d8a3-0e13\" class=\"mb-3 text-center  vc_custom_1743630423184\"><div class=\"d-inline-block\" style=\"max-width:700px;\"><h1 class=\"mb-32 pix-sliding-headline-2 animate-in font-weight-bold secondary-font display-1 \" data-anim-type=\"pix-sliding-text\" pix-anim-delay=\"500\" data-class=\"secondary-font text-white\" style=\"\"><span class=\"slide-in-container \"><span class=\"pix-sliding-item secondary-font text-white\" style=\"transition-delay: 0ms;\">Estetyka&#32;<\/span><\/span> <span class=\"slide-in-container \"><span class=\"pix-sliding-item secondary-font text-white\" style=\"transition-delay: 150ms;\">medyczna&#32;<\/span><\/span> <\/h1><\/div><\/div>[\/vc_column][\/vc_row][vc_row pix_particles_check=&#8221;&#8221;][vc_column width=&#8221;1\/4&#8243; offset=&#8221;vc_col-xs-6&#8243;]<div class=\"animate-in d-inline-flex flex-column w-100\" data-anim-type=\"fade-in-up\" data-anim-delay=\"0\"><div class=\"card w-100 h-100 bg-heading-default bg-transparent  vc_custom_1751900034003 text-left w-100 d-inline-block pix-hover-item rounded-lg position-relative overflow-hidden text-white\" ><img decoding=\"async\" srcset=\"https:\/\/internationalplus.net\/wp-content\/uploads\/2025\/04\/endolift-icon-300x278.png 300w, https:\/\/internationalplus.net\/wp-content\/uploads\/2025\/04\/endolift-icon-500x463.png 500w, https:\/\/internationalplus.net\/wp-content\/uploads\/2025\/04\/endolift-icon.png 561w\" src=\"https:\/\/internationalplus.net\/wp-content\/uploads\/2025\/04\/endolift-icon.png\" class=\"card-img pix-bg-image h-100 pix-img-scale pix-opacity-10 rounded-lg \" alt=\"Endolift (Endolift)\" title=\"\"><a href=\"https:\/\/internationalplus.net\/pl\/medyczna-estetyka\/endolift\/\"  class=\"card-img-overlay2 d-inline-block w-100 pix-img-overlay pix-p-10 d-flex align-items-end\" style=\"min-height:250px;\"><div class=\"w-100\"><div class=\"card-content-box pix-p-20 rounded-lg w-100 shadow  bg-white d-flex justify-content-between align-items-center\"><h2 class=\"card-title font-weight-bold  text-heading-default m-0 w-100\" style=\"\">Endolift (Endolift)<\/h2><\/div><\/div><\/a><\/div><\/div>[\/vc_column][vc_column width=&#8221;1\/4&#8243; offset=&#8221;vc_col-xs-6&#8243;]<div class=\"animate-in d-inline-flex flex-column w-100\" data-anim-type=\"fade-in-up\" data-anim-delay=\"0\"><div class=\"card w-100 h-100 bg-heading-default bg-transparent  vc_custom_1751900042589 text-left w-100 d-inline-block pix-hover-item rounded-lg position-relative overflow-hidden text-white\" ><img decoding=\"async\" srcset=\"https:\/\/internationalplus.net\/wp-content\/uploads\/2025\/04\/ultraformer-icon-300x278.png 300w, https:\/\/internationalplus.net\/wp-content\/uploads\/2025\/04\/ultraformer-icon-500x463.png 500w, https:\/\/internationalplus.net\/wp-content\/uploads\/2025\/04\/ultraformer-icon.png 561w\" src=\"https:\/\/internationalplus.net\/wp-content\/uploads\/2025\/04\/ultraformer-icon.png\" class=\"card-img pix-bg-image h-100 pix-img-scale pix-opacity-10 rounded-lg \" alt=\"Ultraformer\" title=\"\"><a href=\"https:\/\/internationalplus.net\/pl\/medyczna-estetyka\/ultraformer\/\"  class=\"card-img-overlay2 d-inline-block w-100 pix-img-overlay pix-p-10 d-flex align-items-end\" style=\"min-height:250px;\"><div class=\"w-100\"><div class=\"card-content-box pix-p-20 rounded-lg w-100 shadow  bg-white d-flex justify-content-between align-items-center\"><h2 class=\"card-title font-weight-bold  text-heading-default m-0 w-100\" style=\"\">Ultraformer<\/h2><\/div><\/div><\/a><\/div><\/div>[\/vc_column][vc_column width=&#8221;1\/4&#8243; offset=&#8221;vc_col-xs-6&#8243;]<div class=\"animate-in d-inline-flex flex-column w-100\" data-anim-type=\"fade-in-up\" data-anim-delay=\"0\"><div class=\"card w-100 h-100 bg-heading-default bg-transparent  vc_custom_1751900048304 text-left w-100 d-inline-block pix-hover-item rounded-lg position-relative overflow-hidden text-white\" ><img decoding=\"async\" srcset=\"https:\/\/internationalplus.net\/wp-content\/uploads\/2025\/04\/regenera_active-icon-300x278.png 300w, https:\/\/internationalplus.net\/wp-content\/uploads\/2025\/04\/regenera_active-icon-500x463.png 500w, https:\/\/internationalplus.net\/wp-content\/uploads\/2025\/04\/regenera_active-icon.png 561w\" src=\"https:\/\/internationalplus.net\/wp-content\/uploads\/2025\/04\/regenera_active-icon.png\" class=\"card-img pix-bg-image h-100 pix-img-scale pix-opacity-10 rounded-lg \" alt=\"Regenera Activa\" title=\"\"><a href=\"https:\/\/internationalplus.net\/pl\/medyczna-estetyka\/regeneracja-aktywna\/\"  class=\"card-img-overlay2 d-inline-block w-100 pix-img-overlay pix-p-10 d-flex align-items-end\" style=\"min-height:250px;\"><div class=\"w-100\"><div class=\"card-content-box pix-p-20 rounded-lg w-100 shadow  bg-white d-flex justify-content-between align-items-center\"><h2 class=\"card-title font-weight-bold  text-heading-default m-0 w-100\" style=\"\">Regenera Activa<\/h2><\/div><\/div><\/a><\/div><\/div>[\/vc_column][vc_column width=&#8221;1\/4&#8243; offset=&#8221;vc_col-xs-6&#8243;]<div class=\"animate-in d-inline-flex flex-column w-100\" data-anim-type=\"fade-in-up\" data-anim-delay=\"0\"><div class=\"card w-100 h-100 bg-heading-default bg-transparent  vc_custom_1751900054024 text-left w-100 d-inline-block pix-hover-item rounded-lg position-relative overflow-hidden text-white\" ><img decoding=\"async\" srcset=\"https:\/\/internationalplus.net\/wp-content\/uploads\/2025\/04\/stemcell_alloblast-icon-300x278.png 300w, https:\/\/internationalplus.net\/wp-content\/uploads\/2025\/04\/stemcell_alloblast-icon-500x463.png 500w, https:\/\/internationalplus.net\/wp-content\/uploads\/2025\/04\/stemcell_alloblast-icon.png 561w\" src=\"https:\/\/internationalplus.net\/wp-content\/uploads\/2025\/04\/stemcell_alloblast-icon.png\" class=\"card-img pix-bg-image h-100 pix-img-scale pix-opacity-10 rounded-lg \" alt=\"Alloblasty\" title=\"\"><a href=\"https:\/\/internationalplus.net\/pl\/medyczna-estetyka\/alloblast\/\"  class=\"card-img-overlay2 d-inline-block w-100 pix-img-overlay pix-p-10 d-flex align-items-end\" style=\"min-height:250px;\"><div class=\"w-100\"><div class=\"card-content-box pix-p-20 rounded-lg w-100 shadow  bg-white d-flex justify-content-between align-items-center\"><h2 class=\"card-title font-weight-bold  text-heading-default m-0 w-100\" style=\"\">Alloblasty<\/h2><\/div><\/div><\/a><\/div><\/div>[\/vc_column][\/vc_row][vc_row pix_particles_check=&#8221;&#8221;][vc_column width=&#8221;1\/4&#8243; offset=&#8221;vc_col-xs-6&#8243;]<div class=\"animate-in d-inline-flex flex-column w-100\" data-anim-type=\"fade-in-up\" data-anim-delay=\"0\"><div class=\"card w-100 h-100 bg-heading-default bg-transparent  vc_custom_1751900060883 text-left w-100 d-inline-block pix-hover-item rounded-lg position-relative overflow-hidden text-white\" ><img decoding=\"async\" srcset=\"https:\/\/internationalplus.net\/wp-content\/uploads\/2025\/04\/exosome-icon-300x278.png 300w, https:\/\/internationalplus.net\/wp-content\/uploads\/2025\/04\/exosome-icon-500x463.png 500w, https:\/\/internationalplus.net\/wp-content\/uploads\/2025\/04\/exosome-icon.png 561w\" src=\"https:\/\/internationalplus.net\/wp-content\/uploads\/2025\/04\/exosome-icon.png\" class=\"card-img pix-bg-image h-100 pix-img-scale pix-opacity-10 rounded-lg \" alt=\"Eksozom\" title=\"\"><a href=\"https:\/\/internationalplus.net\/pl\/medyczna-estetyka\/eksozom\/\"  class=\"card-img-overlay2 d-inline-block w-100 pix-img-overlay pix-p-10 d-flex align-items-end\" style=\"min-height:250px;\"><div class=\"w-100\"><div class=\"card-content-box pix-p-20 rounded-lg w-100 shadow  bg-white d-flex justify-content-between align-items-center\"><h2 class=\"card-title font-weight-bold  text-heading-default m-0 w-100\" style=\"\">Eksozom<\/h2><\/div><\/div><\/a><\/div><\/div>[\/vc_column][vc_column width=&#8221;1\/4&#8243; offset=&#8221;vc_col-xs-6&#8243;]<div class=\"animate-in d-inline-flex flex-column w-100\" data-anim-type=\"fade-in-up\" data-anim-delay=\"0\"><div class=\"card w-100 h-100 bg-heading-default bg-transparent  vc_custom_1751900067891 text-left w-100 d-inline-block pix-hover-item rounded-lg position-relative overflow-hidden text-white\" ><img decoding=\"async\" srcset=\"https:\/\/internationalplus.net\/wp-content\/uploads\/2025\/04\/seven_point_lifting-icon-300x278.png 300w, https:\/\/internationalplus.net\/wp-content\/uploads\/2025\/04\/seven_point_lifting-icon-500x463.png 500w, https:\/\/internationalplus.net\/wp-content\/uploads\/2025\/04\/seven_point_lifting-icon.png 561w\" src=\"https:\/\/internationalplus.net\/wp-content\/uploads\/2025\/04\/seven_point_lifting-icon.png\" class=\"card-img pix-bg-image h-100 pix-img-scale pix-opacity-10 rounded-lg \" alt=\"7-punktowe podnoszenie\" title=\"\"><a href=\"https:\/\/internationalplus.net\/pl\/medyczna-estetyka\/7-punktowy-lifting\/\"  class=\"card-img-overlay2 d-inline-block w-100 pix-img-overlay pix-p-10 d-flex align-items-end\" style=\"min-height:250px;\"><div class=\"w-100\"><div class=\"card-content-box pix-p-20 rounded-lg w-100 shadow  bg-white d-flex justify-content-between align-items-center\"><h2 class=\"card-title font-weight-bold  text-heading-default m-0 w-100\" style=\"\">7-punktowe podnoszenie<\/h2><\/div><\/div><\/a><\/div><\/div>[\/vc_column][vc_column width=&#8221;1\/4&#8243; offset=&#8221;vc_col-xs-6&#8243;]<div class=\"animate-in d-inline-flex flex-column w-100\" data-anim-type=\"fade-in-up\" data-anim-delay=\"0\"><div class=\"card w-100 h-100 bg-heading-default bg-transparent  vc_custom_1751900075514 text-left w-100 d-inline-block pix-hover-item rounded-lg position-relative overflow-hidden text-white\" ><img decoding=\"async\" srcset=\"https:\/\/internationalplus.net\/wp-content\/uploads\/2025\/04\/tca_peeling-icon-300x279.png 300w, https:\/\/internationalplus.net\/wp-content\/uploads\/2025\/04\/tca_peeling-icon-500x464.png 500w, https:\/\/internationalplus.net\/wp-content\/uploads\/2025\/04\/tca_peeling-icon.png 561w\" src=\"https:\/\/internationalplus.net\/wp-content\/uploads\/2025\/04\/tca_peeling-icon.png\" class=\"card-img pix-bg-image h-100 pix-img-scale pix-opacity-10 rounded-lg \" alt=\"Tca Peeling\" title=\"\"><a href=\"https:\/\/internationalplus.net\/pl\/medyczna-estetyka\/peeling-tca\/\"  class=\"card-img-overlay2 d-inline-block w-100 pix-img-overlay pix-p-10 d-flex align-items-end\" style=\"min-height:250px;\"><div class=\"w-100\"><div class=\"card-content-box pix-p-20 rounded-lg w-100 shadow  bg-white d-flex justify-content-between align-items-center\"><h2 class=\"card-title font-weight-bold  text-heading-default m-0 w-100\" style=\"\">Tca Peeling<\/h2><\/div><\/div><\/a><\/div><\/div>[\/vc_column][vc_column width=&#8221;1\/4&#8243; offset=&#8221;vc_col-xs-6&#8243;]<div class=\"animate-in d-inline-flex flex-column w-100\" data-anim-type=\"fade-in-up\" data-anim-delay=\"0\"><div class=\"card w-100 h-100 bg-heading-default bg-transparent  vc_custom_1751900082181 text-left w-100 d-inline-block pix-hover-item rounded-lg position-relative overflow-hidden text-white\" ><img decoding=\"async\" srcset=\"https:\/\/internationalplus.net\/wp-content\/uploads\/2025\/04\/botox-icon-300x279.png 300w, https:\/\/internationalplus.net\/wp-content\/uploads\/2025\/04\/botox-icon-500x464.png 500w, https:\/\/internationalplus.net\/wp-content\/uploads\/2025\/04\/botox-icon.png 561w\" src=\"https:\/\/internationalplus.net\/wp-content\/uploads\/2025\/04\/botox-icon.png\" class=\"card-img pix-bg-image h-100 pix-img-scale pix-opacity-10 rounded-lg \" alt=\"Botoks\" title=\"\"><a href=\"https:\/\/internationalplus.net\/pl\/medyczna-estetyka\/botox\/\"  class=\"card-img-overlay2 d-inline-block w-100 pix-img-overlay pix-p-10 d-flex align-items-end\" style=\"min-height:250px;\"><div class=\"w-100\"><div class=\"card-content-box pix-p-20 rounded-lg w-100 shadow  bg-white d-flex justify-content-between align-items-center\"><h2 class=\"card-title font-weight-bold  text-heading-default m-0 w-100\" style=\"\">Botoks<\/h2><\/div><\/div><\/a><\/div><\/div>[\/vc_column][\/vc_row][vc_row pix_particles_check=&#8221;&#8221;][vc_column width=&#8221;1\/4&#8243; offset=&#8221;vc_col-xs-6&#8243;]<div class=\"animate-in d-inline-flex flex-column w-100\" data-anim-type=\"fade-in-up\" data-anim-delay=\"0\"><div class=\"card w-100 h-100 bg-heading-default bg-transparent  vc_custom_1751900088523 text-left w-100 d-inline-block pix-hover-item rounded-lg position-relative overflow-hidden text-white\" ><img decoding=\"async\" srcset=\"https:\/\/internationalplus.net\/wp-content\/uploads\/2025\/04\/filler-icon-300x279.webp 300w, https:\/\/internationalplus.net\/wp-content\/uploads\/2025\/04\/filler-icon-500x464.webp 500w, https:\/\/internationalplus.net\/wp-content\/uploads\/2025\/04\/filler-icon.webp 561w\" src=\"https:\/\/internationalplus.net\/wp-content\/uploads\/2025\/04\/filler-icon.webp\" class=\"card-img pix-bg-image h-100 pix-img-scale pix-opacity-10 rounded-lg \" alt=\"Wype\u0142niacz\" title=\"\"><a href=\"https:\/\/internationalplus.net\/pl\/medyczna-estetyka\/wypelniacz\/\"  class=\"card-img-overlay2 d-inline-block w-100 pix-img-overlay pix-p-10 d-flex align-items-end\" style=\"min-height:250px;\"><div class=\"w-100\"><div class=\"card-content-box pix-p-20 rounded-lg w-100 shadow  bg-white d-flex justify-content-between align-items-center\"><h2 class=\"card-title font-weight-bold  text-heading-default m-0 w-100\" style=\"\">Wype\u0142niacz<\/h2><\/div><\/div><\/a><\/div><\/div>[\/vc_column][vc_column width=&#8221;1\/4&#8243; offset=&#8221;vc_col-xs-6&#8243;]<div class=\"animate-in d-inline-flex flex-column w-100\" data-anim-type=\"fade-in-up\" data-anim-delay=\"0\"><div class=\"card w-100 h-100 bg-heading-default bg-transparent  vc_custom_1751900095837 text-left w-100 d-inline-block pix-hover-item rounded-lg position-relative overflow-hidden text-white\" ><img decoding=\"async\" srcset=\"https:\/\/internationalplus.net\/wp-content\/uploads\/2025\/04\/jawline-icon-300x279.webp 300w, https:\/\/internationalplus.net\/wp-content\/uploads\/2025\/04\/jawline-icon-500x464.webp 500w, https:\/\/internationalplus.net\/wp-content\/uploads\/2025\/04\/jawline-icon.webp 561w\" src=\"https:\/\/internationalplus.net\/wp-content\/uploads\/2025\/04\/jawline-icon.webp\" class=\"card-img pix-bg-image h-100 pix-img-scale pix-opacity-10 rounded-lg \" alt=\"Szcz\u0119ki\" title=\"\"><a href=\"https:\/\/internationalplus.net\/pl\/medyczna-estetyka\/linia-zuchwy\/\"  class=\"card-img-overlay2 d-inline-block w-100 pix-img-overlay pix-p-10 d-flex align-items-end\" style=\"min-height:250px;\"><div class=\"w-100\"><div class=\"card-content-box pix-p-20 rounded-lg w-100 shadow  bg-white d-flex justify-content-between align-items-center\"><h2 class=\"card-title font-weight-bold  text-heading-default m-0 w-100\" style=\"\">Szcz\u0119ki<\/h2><\/div><\/div><\/a><\/div><\/div>[\/vc_column][vc_column width=&#8221;1\/4&#8243; offset=&#8221;vc_col-xs-6&#8243;]<div class=\"animate-in d-inline-flex flex-column w-100\" data-anim-type=\"fade-in-up\" data-anim-delay=\"0\"><div class=\"card w-100 h-100 bg-heading-default bg-transparent  vc_custom_1751900102824 text-left w-100 d-inline-block pix-hover-item rounded-lg position-relative overflow-hidden text-white\" ><img decoding=\"async\" srcset=\"https:\/\/internationalplus.net\/wp-content\/uploads\/2025\/04\/hydrafacial-icon-300x278.png 300w, https:\/\/internationalplus.net\/wp-content\/uploads\/2025\/04\/hydrafacial-icon-500x463.png 500w, https:\/\/internationalplus.net\/wp-content\/uploads\/2025\/04\/hydrafacial-icon.png 561w\" src=\"https:\/\/internationalplus.net\/wp-content\/uploads\/2025\/04\/hydrafacial-icon.png\" class=\"card-img pix-bg-image h-100 pix-img-scale pix-opacity-10 rounded-lg \" alt=\"Hydrafacial (Twarz Hydrafacjalna)\" title=\"\"><a href=\"https:\/\/internationalplus.net\/pl\/medyczna-estetyka\/hydrafacial\/\"  class=\"card-img-overlay2 d-inline-block w-100 pix-img-overlay pix-p-10 d-flex align-items-end\" style=\"min-height:250px;\"><div class=\"w-100\"><div class=\"card-content-box pix-p-20 rounded-lg w-100 shadow  bg-white d-flex justify-content-between align-items-center\"><h2 class=\"card-title font-weight-bold  text-heading-default m-0 w-100\" style=\"\">Hydrafacial (Twarz Hydrafacjalna)<\/h2><\/div><\/div><\/a><\/div><\/div>[\/vc_column][vc_column width=&#8221;1\/4&#8243; offset=&#8221;vc_col-xs-6&#8243;]<div class=\"animate-in d-inline-flex flex-column w-100\" data-anim-type=\"fade-in-up\" data-anim-delay=\"0\"><div class=\"card w-100 h-100 bg-heading-default bg-transparent  vc_custom_1751900109669 text-left w-100 d-inline-block pix-hover-item rounded-lg position-relative overflow-hidden text-white\" ><img decoding=\"async\" srcset=\"https:\/\/internationalplus.net\/wp-content\/uploads\/2025\/04\/paris_shine-icon-300x278.png 300w, https:\/\/internationalplus.net\/wp-content\/uploads\/2025\/04\/paris_shine-icon-500x463.png 500w, https:\/\/internationalplus.net\/wp-content\/uploads\/2025\/04\/paris_shine-icon.png 561w\" src=\"https:\/\/internationalplus.net\/wp-content\/uploads\/2025\/04\/paris_shine-icon.png\" class=\"card-img pix-bg-image h-100 pix-img-scale pix-opacity-10 rounded-lg \" alt=\"Pary\u017c Po\u0142ysk\" title=\"\"><a href=\"https:\/\/internationalplus.net\/pl\/medyczna-estetyka\/paryski-blask\/\"  class=\"card-img-overlay2 d-inline-block w-100 pix-img-overlay pix-p-10 d-flex align-items-end\" style=\"min-height:250px;\"><div class=\"w-100\"><div class=\"card-content-box pix-p-20 rounded-lg w-100 shadow  bg-white d-flex justify-content-between align-items-center\"><h2 class=\"card-title font-weight-bold  text-heading-default m-0 w-100\" style=\"\">Pary\u017c Po\u0142ysk<\/h2><\/div><\/div><\/a><\/div><\/div>[\/vc_column][\/vc_row][vc_row pix_particles_check=&#8221;&#8221;][vc_column width=&#8221;1\/4&#8243; offset=&#8221;vc_col-xs-6&#8243;]<div class=\"animate-in d-inline-flex flex-column w-100\" data-anim-type=\"fade-in-up\" data-anim-delay=\"0\"><div class=\"card w-100 h-100 bg-heading-default bg-transparent  vc_custom_1751900120949 text-left w-100 d-inline-block pix-hover-item rounded-lg position-relative overflow-hidden text-white\" ><img decoding=\"async\" srcset=\"https:\/\/internationalplus.net\/wp-content\/uploads\/2025\/04\/somon_dna-icon-300x279.png 300w, https:\/\/internationalplus.net\/wp-content\/uploads\/2025\/04\/somon_dna-icon-500x464.png 500w, https:\/\/internationalplus.net\/wp-content\/uploads\/2025\/04\/somon_dna-icon.png 561w\" src=\"https:\/\/internationalplus.net\/wp-content\/uploads\/2025\/04\/somon_dna-icon.png\" class=\"card-img pix-bg-image h-100 pix-img-scale pix-opacity-10 rounded-lg \" alt=\"Somo\u0144skie DNA\" title=\"\"><a href=\"https:\/\/internationalplus.net\/pl\/medyczna-estetyka\/somonskie-dna\/\"  class=\"card-img-overlay2 d-inline-block w-100 pix-img-overlay pix-p-10 d-flex align-items-end\" style=\"min-height:250px;\"><div class=\"w-100\"><div class=\"card-content-box pix-p-20 rounded-lg w-100 shadow  bg-white d-flex justify-content-between align-items-center\"><h2 class=\"card-title font-weight-bold  text-heading-default m-0 w-100\" style=\"\">Somo\u0144skie DNA<\/h2><\/div><\/div><\/a><\/div><\/div>[\/vc_column][vc_column width=&#8221;1\/4&#8243; offset=&#8221;vc_col-xs-6&#8243;]<div class=\"animate-in d-inline-flex flex-column w-100\" data-anim-type=\"fade-in-up\" data-anim-delay=\"0\"><div class=\"card w-100 h-100 bg-heading-default bg-transparent  vc_custom_1751900127591 text-left w-100 d-inline-block pix-hover-item rounded-lg position-relative overflow-hidden text-white\" ><img decoding=\"async\" srcset=\"https:\/\/internationalplus.net\/wp-content\/uploads\/2025\/04\/infinity_thread-icon-300x279.webp 300w, https:\/\/internationalplus.net\/wp-content\/uploads\/2025\/04\/infinity_thread-icon-500x464.webp 500w, https:\/\/internationalplus.net\/wp-content\/uploads\/2025\/04\/infinity_thread-icon.webp 561w\" src=\"https:\/\/internationalplus.net\/wp-content\/uploads\/2025\/04\/infinity_thread-icon.webp\" class=\"card-img pix-bg-image h-100 pix-img-scale pix-opacity-10 rounded-lg \" alt=\"Niesko\u0144czony wzrost zagro\u017ce\u0144\" title=\"\"><a href=\"https:\/\/internationalplus.net\/pl\/medyczna-estetyka\/nieskonczony-watek-i-podnoszenie\/\"  class=\"card-img-overlay2 d-inline-block w-100 pix-img-overlay pix-p-10 d-flex align-items-end\" style=\"min-height:250px;\"><div class=\"w-100\"><div class=\"card-content-box pix-p-20 rounded-lg w-100 shadow  bg-white d-flex justify-content-between align-items-center\"><h2 class=\"card-title font-weight-bold  text-heading-default m-0 w-100\" style=\"\">Niesko\u0144czony wzrost zagro\u017ce\u0144<\/h2><\/div><\/div><\/a><\/div><\/div>[\/vc_column][vc_column width=&#8221;1\/4&#8243; offset=&#8221;vc_col-xs-6&#8243;]<div class=\"animate-in d-inline-flex flex-column w-100\" data-anim-type=\"fade-in-up\" data-anim-delay=\"0\"><div class=\"card w-100 h-100 bg-heading-default bg-transparent  vc_custom_1751900133714 text-left w-100 d-inline-block pix-hover-item rounded-lg position-relative overflow-hidden text-white\" ><img decoding=\"async\" srcset=\"https:\/\/internationalplus.net\/wp-content\/uploads\/2025\/04\/plus_effect-icon-300x279.png 300w, https:\/\/internationalplus.net\/wp-content\/uploads\/2025\/04\/plus_effect-icon-500x464.png 500w, https:\/\/internationalplus.net\/wp-content\/uploads\/2025\/04\/plus_effect-icon.png 561w\" src=\"https:\/\/internationalplus.net\/wp-content\/uploads\/2025\/04\/plus_effect-icon.png\" class=\"card-img pix-bg-image h-100 pix-img-scale pix-opacity-10 rounded-lg \" alt=\"Efekt plusa\" title=\"\"><a href=\"https:\/\/internationalplus.net\/pl\/medyczna-estetyka\/efekt-plus\/\"  class=\"card-img-overlay2 d-inline-block w-100 pix-img-overlay pix-p-10 d-flex align-items-end\" style=\"min-height:250px;\"><div class=\"w-100\"><div class=\"card-content-box pix-p-20 rounded-lg w-100 shadow  bg-white d-flex justify-content-between align-items-center\"><h2 class=\"card-title font-weight-bold  text-heading-default m-0 w-100\" style=\"\">Efekt plusa<\/h2><\/div><\/div><\/a><\/div><\/div>[\/vc_column][vc_column width=&#8221;1\/4&#8243; offset=&#8221;vc_col-xs-6&#8243;]<div class=\"animate-in d-inline-flex flex-column w-100\" data-anim-type=\"fade-in-up\" data-anim-delay=\"0\"><div class=\"card w-100 h-100 bg-heading-default bg-transparent  vc_custom_1751900167655 text-left w-100 d-inline-block pix-hover-item rounded-lg position-relative overflow-hidden text-white\" ><img decoding=\"async\" srcset=\"https:\/\/internationalplus.net\/wp-content\/uploads\/2025\/04\/pb_serum-icon-300x279.png 300w, https:\/\/internationalplus.net\/wp-content\/uploads\/2025\/04\/pb_serum-icon-500x464.png 500w, https:\/\/internationalplus.net\/wp-content\/uploads\/2025\/04\/pb_serum-icon.png 561w\" src=\"https:\/\/internationalplus.net\/wp-content\/uploads\/2025\/04\/pb_serum-icon.png\" class=\"card-img pix-bg-image h-100 pix-img-scale pix-opacity-10 rounded-lg \" alt=\"Surowica Pb\" title=\"\"><a href=\"https:\/\/internationalplus.net\/pl\/medyczna-estetyka\/pb-w-surowicy\/\"  class=\"card-img-overlay2 d-inline-block w-100 pix-img-overlay pix-p-10 d-flex align-items-end\" style=\"min-height:250px;\"><div class=\"w-100\"><div class=\"card-content-box pix-p-20 rounded-lg w-100 shadow  bg-white d-flex justify-content-between align-items-center\"><h2 class=\"card-title font-weight-bold  text-heading-default m-0 w-100\" style=\"\">Surowica Pb<\/h2><\/div><\/div><\/a><\/div><\/div>[\/vc_column][\/vc_row][\/vc_section]<\/p>\n<\/div>","protected":false},"excerpt":{"rendered":"<p>[vc_section full_width=&#8221;stretch_row&#8221; pix_over_visibility=&#8221;&#8221; responsive_css=&#8221;{&#8222;pix_res_sm_pt&#8222;:&#8222;0&#8222;,&#8222;pix_res_sm_pb&#8222;:&#8222;30&#8222;}&#8221; css=&#8221;.vc_custom_1704808874364{padding-top: 0px !important;padding-bottom: 30px !important;background-color: #ffffff !important;}&#8221; el_class=&#8221;home-services&#8221;][vc_row full_width=&#8221;stretch_row&#8221; content_placement=&#8221;middle&#8221; pix_particles_check=&#8221;&#8221; el_class=&#8221;home-services-title&#8221; css=&#8221;.vc_custom_1704808865764{margin-bottom: 30px !important;background-color: #1b1b1b !important;}&#8221;][vc_column css=&#8221;.vc_custom_1704808888847{margin-top: 35px !important;margin-bottom: 35px !important;}&#8221;][vc_raw_html]W3dwc2J4X2h0bWxfYmxvY2sgaWQ9IjExMzY3Il0=[\/vc_raw_html][\/vc_column][\/vc_row][vc_row pix_particles_check=&#8221;&#8221;][vc_column width=&#8221;1\/4&#8243; offset=&#8221;vc_col-xs-6&#8243;][\/vc_column][vc_column width=&#8221;1\/4&#8243; offset=&#8221;vc_col-xs-6&#8243;][\/vc_column][vc_column width=&#8221;1\/4&#8243; offset=&#8221;vc_col-xs-6&#8243;][\/vc_column][vc_column width=&#8221;1\/4&#8243; offset=&#8221;vc_col-xs-6&#8243;][\/vc_column][\/vc_row][vc_row pix_particles_check=&#8221;&#8221;][vc_column width=&#8221;1\/4&#8243; offset=&#8221;vc_col-xs-6&#8243;][\/vc_column][vc_column width=&#8221;1\/4&#8243; offset=&#8221;vc_col-xs-6&#8243;][\/vc_column][vc_column&#8230;<\/p>\n","protected":false},"author":1,"featured_media":0,"parent":0,"menu_order":0,"comment_status":"closed","ping_status":"closed","template":"","meta":{"_vp_format_video_url":"","_vp_image_focal_point":[],"_joinchat":[],"footnotes":""},"class_list":["post-57929","page","type-page","status-publish","hentry"],"_links":{"self":[{"href":"https:\/\/internationalplus.net\/pl\/wp-json\/wp\/v2\/pages\/57929","targetHints":{"allow":["GET"]}}],"collection":[{"href":"https:\/\/internationalplus.net\/pl\/wp-json\/wp\/v2\/pages"}],"about":[{"href":"https:\/\/internationalplus.net\/pl\/wp-json\/wp\/v2\/types\/page"}],"author":[{"embeddable":true,"href":"https:\/\/internationalplus.net\/pl\/wp-json\/wp\/v2\/users\/1"}],"replies":[{"embeddable":true,"href":"https:\/\/internationalplus.net\/pl\/wp-json\/wp\/v2\/comments?post=57929"}],"version-history":[{"count":0,"href":"https:\/\/internationalplus.net\/pl\/wp-json\/wp\/v2\/pages\/57929\/revisions"}],"wp:attachment":[{"href":"https:\/\/internationalplus.net\/pl\/wp-json\/wp\/v2\/media?parent=57929"}],"curies":[{"name":"wp","href":"https:\/\/api.w.org\/{rel}","templated":true}]}}