{"id":57030,"date":"2024-03-11T14:36:15","date_gmt":"2024-03-11T11:36:15","guid":{"rendered":"https:\/\/internationalplus.net\/partnership\/"},"modified":"2025-06-10T00:42:39","modified_gmt":"2025-06-09T21:42:39","slug":"partnerstwo","status":"publish","type":"page","link":"https:\/\/internationalplus.net\/pl\/partnerstwo\/","title":{"rendered":"Partnerstwo"},"content":{"rendered":"<div class=\"wpb-content-wrapper\"><p>[vc_row pix_particles_check=&#8221;&#8221;][vc_column][vc_column_text css=&#8221;&#8221;]<strong>Odkryj ekscytuj\u0105ce mo\u017cliwo\u015bci wsp\u00f3\u0142pracy z nami!<\/strong><\/p>\n<p>Je\u015bli jeste\u015b wp\u0142ywow\u0105 osob\u0105, agencj\u0105, fenomenem medi\u00f3w spo\u0142eczno\u015bciowych lub kim\u015b, kto ma szerok\u0105 sie\u0107 kontakt\u00f3w spo\u0142eczno\u015bciowych i chcesz nawi\u0105za\u0107 wsp\u00f3\u0142prac\u0119, zapraszamy Ci\u0119 do zostania cenionym cz\u0142onkiem programu partnerskiego Internat\u0131onal Plus.<\/p>\n<p>Nasz program partnerski oferuje mo\u017cliwo\u015b\u0107 uzyskania dodatkowego dochodu dla Ciebie osobi\u015bcie lub dla Twojej firmy, umo\u017cliwiaj\u0105c Ci polecanie potencjalnych pacjent\u00f3w naszym presti\u017cowym us\u0142ugom turystyki zdrowotnej.<\/p>\n<p>Do\u0142\u0105cz do nas i stw\u00f3rzmy partnersk\u0105 wsp\u00f3\u0142prac\u0119 korzystn\u0105 dla obu stron. Skontaktuj si\u0119 z nami ju\u017c teraz, aby pozna\u0107 mo\u017cliwo\u015bci wsp\u00f3\u0142pracy.[\/vc_column_text][vc_raw_html css=&#8221;&#8221;]JTNDaWZyYW1lJTIwYXJpYS1sYWJlbCUzRCUyN0IyQiUyMEZvcm0lMjclMjBmcmFtZWJvcmRlciUzRCUyMjAlMjIlMjBzdHlsZSUzRCUyMmhlaWdodCUzQTYwMHB4JTNCd2lkdGglM0E5OSUyNSUzQmJvcmRlciUzQW5vbmUlM0IlMjIlMjBzcmMlM0QlMjdodHRwcyUzQSUyRiUyRmZvcm1zLnpvaG9wdWJsaWMuY29tJTJGc2FtaWxzYW4lMkZmb3JtJTJGQjJCRm9ybSUyRmZvcm1wZXJtYSUyRlJEZllKRklZVWU2M0hobndTV2FNR0Z6aDk3LWVUSDZWbW8yWFhCb1dHWm8lMjclM0UlM0MlMkZpZnJhbWUlM0U=[\/vc_raw_html][\/vc_column][\/vc_row]<\/p>\n<\/div>","protected":false},"excerpt":{"rendered":"<p>[vc_row pix_particles_check=&#8221;&#8221;][vc_column][vc_column_text css=&#8221;&#8221;]Odkryj ekscytuj\u0105ce mo\u017cliwo\u015bci wsp\u00f3\u0142pracy z nami! Je\u015bli jeste\u015b wp\u0142ywow\u0105 osob\u0105, agencj\u0105, fenomenem medi\u00f3w spo\u0142eczno\u015bciowych lub kim\u015b, kto ma szerok\u0105 sie\u0107 kontakt\u00f3w spo\u0142eczno\u015bciowych i chcesz nawi\u0105za\u0107 wsp\u00f3\u0142prac\u0119, zapraszamy Ci\u0119 do zostania cenionym cz\u0142onkiem programu partnerskiego Internat\u0131onal Plus. Nasz program&#8230;<\/p>\n","protected":false},"author":1,"featured_media":0,"parent":0,"menu_order":0,"comment_status":"closed","ping_status":"closed","template":"","meta":{"_vp_format_video_url":"","_vp_image_focal_point":[],"_joinchat":[],"footnotes":""},"class_list":["post-57030","page","type-page","status-publish","hentry"],"_links":{"self":[{"href":"https:\/\/internationalplus.net\/pl\/wp-json\/wp\/v2\/pages\/57030","targetHints":{"allow":["GET"]}}],"collection":[{"href":"https:\/\/internationalplus.net\/pl\/wp-json\/wp\/v2\/pages"}],"about":[{"href":"https:\/\/internationalplus.net\/pl\/wp-json\/wp\/v2\/types\/page"}],"author":[{"embeddable":true,"href":"https:\/\/internationalplus.net\/pl\/wp-json\/wp\/v2\/users\/1"}],"replies":[{"embeddable":true,"href":"https:\/\/internationalplus.net\/pl\/wp-json\/wp\/v2\/comments?post=57030"}],"version-history":[{"count":0,"href":"https:\/\/internationalplus.net\/pl\/wp-json\/wp\/v2\/pages\/57030\/revisions"}],"wp:attachment":[{"href":"https:\/\/internationalplus.net\/pl\/wp-json\/wp\/v2\/media?parent=57030"}],"curies":[{"name":"wp","href":"https:\/\/api.w.org\/{rel}","templated":true}]}}