{"id":21022,"date":"2024-03-11T14:36:15","date_gmt":"2024-03-11T11:36:15","guid":{"rendered":"https:\/\/internationalplus.net\/partnership\/"},"modified":"2025-11-03T15:26:41","modified_gmt":"2025-11-03T12:26:41","slug":"partenariat","status":"publish","type":"page","link":"https:\/\/internationalplus.net\/fr\/partenariat\/","title":{"rendered":"Partenariat"},"content":{"rendered":"<div class=\"wpb-content-wrapper\"><p>[vc_row pix_particles_check=\u00a0\u00bb\u00a0\u00bb][vc_column][vc_column_text css=\u00a0\u00bb\u00a0\u00bb]<\/p>\n<h2>D\u00e9couvrez des opportunit\u00e9s de partenariat exceptionnelles\u00a0!<\/h2>\n<p>Que vous soyez influenceur, agence, star des r\u00e9seaux sociaux ou simplement une personne disposant d&rsquo;un large r\u00e9seau et souhaitant collaborer, nous vous invitons \u00e0 rejoindre le Programme de partenariat International Plus.<\/p>\n<p>Notre programme vous offre un revenu suppl\u00e9mentaire, \u00e0 titre personnel ou pour votre entreprise, en vous permettant d&rsquo;orienter des patients potentiels vers nos prestigieuses prestations de tourisme m\u00e9dical.<\/p>\n<p>Rejoignez-nous et cr\u00e9ons ensemble un partenariat mutuellement avantageux. Contactez-nous d\u00e8s maintenant pour explorer les opportunit\u00e9s de partenariat.[\/vc_column_text][vc_raw_html css=\u00a0\u00bb\u00a0\u00bb]JTNDaWZyYW1lJTIwYXJpYS1sYWJlbCUzRCUyN0IyQiUyMEZvcm0lMjclMjBmcmFtZWJvcmRlciUzRCUyMjAlMjIlMjBzdHlsZSUzRCUyMmhlaWdodCUzQTYwMHB4JTNCd2lkdGglM0E5OSUyNSUzQmJvcmRlciUzQW5vbmUlM0IlMjIlMjBzcmMlM0QlMjdodHRwcyUzQSUyRiUyRmZvcm1zLnpvaG9wdWJsaWMuY29tJTJGc2FtaWxzYW4lMkZmb3JtJTJGQjJCRm9ybSUyRmZvcm1wZXJtYSUyRlJEZllKRklZVWU2M0hobndTV2FNR0Z6aDk3LWVUSDZWbW8yWFhCb1dHWm8lMjclM0UlM0MlMkZpZnJhbWUlM0U=[\/vc_raw_html][\/vc_column][\/vc_row]<\/p>\n<\/div>","protected":false},"excerpt":{"rendered":"<p>[vc_row pix_particles_check=\u00a0\u00bb\u00a0\u00bb][vc_column][vc_column_text css=\u00a0\u00bb\u00a0\u00bb] D\u00e9couvrez des opportunit\u00e9s de partenariat exceptionnelles\u00a0! Que vous soyez influenceur, agence, star des r\u00e9seaux sociaux ou simplement une personne disposant d&rsquo;un large r\u00e9seau et souhaitant collaborer, nous vous invitons \u00e0 rejoindre le Programme de partenariat International Plus&#8230;.<\/p>\n","protected":false},"author":1,"featured_media":0,"parent":0,"menu_order":0,"comment_status":"closed","ping_status":"closed","template":"","meta":{"_vp_format_video_url":"","_vp_image_focal_point":[],"_joinchat":[],"footnotes":""},"class_list":["post-21022","page","type-page","status-publish","hentry"],"_links":{"self":[{"href":"https:\/\/internationalplus.net\/fr\/wp-json\/wp\/v2\/pages\/21022","targetHints":{"allow":["GET"]}}],"collection":[{"href":"https:\/\/internationalplus.net\/fr\/wp-json\/wp\/v2\/pages"}],"about":[{"href":"https:\/\/internationalplus.net\/fr\/wp-json\/wp\/v2\/types\/page"}],"author":[{"embeddable":true,"href":"https:\/\/internationalplus.net\/fr\/wp-json\/wp\/v2\/users\/1"}],"replies":[{"embeddable":true,"href":"https:\/\/internationalplus.net\/fr\/wp-json\/wp\/v2\/comments?post=21022"}],"version-history":[{"count":0,"href":"https:\/\/internationalplus.net\/fr\/wp-json\/wp\/v2\/pages\/21022\/revisions"}],"wp:attachment":[{"href":"https:\/\/internationalplus.net\/fr\/wp-json\/wp\/v2\/media?parent=21022"}],"curies":[{"name":"wp","href":"https:\/\/api.w.org\/{rel}","templated":true}]}}