{"id":20491,"date":"2024-01-18T19:30:39","date_gmt":"2024-01-18T16:30:39","guid":{"rendered":"https:\/\/internationalplus.net\/before-after\/"},"modified":"2025-05-13T15:22:57","modified_gmt":"2025-05-13T12:22:57","slug":"avant-apres","status":"publish","type":"page","link":"https:\/\/internationalplus.net\/fr\/avant-apres\/","title":{"rendered":"Avant Apr\u00e8s"},"content":{"rendered":"<div class=\"wpb-content-wrapper\"><p>[vc_section full_width=\u00a0\u00bbstretch_row\u00a0\u00bb pix_over_visibility=\u00a0\u00bb\u00a0\u00bb responsive_css=\u00a0\u00bb{\u00ab\u00a0pix_res_sm_pt\u00ab\u00a0:\u00ab\u00a030\u00ab\u00a0,\u00ab\u00a0pix_res_sm_pb\u00ab\u00a0:\u00ab\u00a030\u00ab\u00a0}\u00a0\u00bb css=\u00a0\u00bb.vc_custom_1712403796899{padding-top: 30px !important;padding-bottom: 30px !important;background-color: #fafafa !important;}\u00a0\u00bb el_class=\u00a0\u00bbhome-services\u00a0\u00bb][vc_row pix_particles_check=\u00a0\u00bb\u00a0\u00bb][vc_column width=\u00a0\u00bb1\/2&Prime; offset=\u00a0\u00bbvc_col-xs-12&Prime;]<div class=\"animate-in d-inline-flex flex-column w-100\" data-anim-type=\"fade-in-up\" data-anim-delay=\"0\"><div class=\"card w-100 h-100 bg-heading-default bg-transparent  vc_custom_1712373052234 text-left w-100 d-inline-block pix-hover-item rounded-lg position-relative overflow-hidden text-white\" ><img decoding=\"async\" srcset=\"https:\/\/internationalplus.net\/wp-content\/uploads\/2024\/02\/dental-before-after-category-1-300x300.webp 300w, https:\/\/internationalplus.net\/wp-content\/uploads\/2024\/02\/dental-before-after-category-1-150x150.webp 150w, https:\/\/internationalplus.net\/wp-content\/uploads\/2024\/02\/dental-before-after-category-1-768x768.webp 768w, https:\/\/internationalplus.net\/wp-content\/uploads\/2024\/02\/dental-before-after-category-1-1024x1024.webp 1024w, https:\/\/internationalplus.net\/wp-content\/uploads\/2024\/02\/dental-before-after-category-1-1536x1536.webp 1536w, https:\/\/internationalplus.net\/wp-content\/uploads\/2024\/02\/dental-before-after-category-1-500x500.webp 500w, https:\/\/internationalplus.net\/wp-content\/uploads\/2024\/02\/dental-before-after-category-1-800x800.webp 800w, https:\/\/internationalplus.net\/wp-content\/uploads\/2024\/02\/dental-before-after-category-1-1280x1280.webp 1280w, https:\/\/internationalplus.net\/wp-content\/uploads\/2024\/02\/dental-before-after-category-1-400x400.webp 400w, https:\/\/internationalplus.net\/wp-content\/uploads\/2024\/02\/dental-before-after-category-1-75x75.webp 75w, https:\/\/internationalplus.net\/wp-content\/uploads\/2024\/02\/dental-before-after-category-1-460x460.webp 460w, https:\/\/internationalplus.net\/wp-content\/uploads\/2024\/02\/dental-before-after-category-1.webp 1620w\" src=\"https:\/\/internationalplus.net\/wp-content\/uploads\/2024\/02\/dental-before-after-category-1.webp\" class=\"card-img pix-bg-image h-100 pix-img-scale pix-opacity-10 rounded-lg \" alt=\"Dentaire (avant, apr\u00e8s)\" title=\"\"><a href=\"\/fr\/avant-apres\/dentaire-avant-apres\/\"  class=\"card-img-overlay2 d-inline-block w-100 pix-img-overlay pix-p-10 d-flex align-items-end\" style=\"min-height:590px;\"><div class=\"w-100\"><div class=\"card-content-box pix-p-20 rounded-lg w-100 shadow  bg-white d-flex justify-content-between align-items-center\"><h6 class=\"card-title font-weight-bold  text-heading-default m-0 w-100\" style=\"\">Dentaire (avant, apr\u00e8s)<\/h6><\/div><\/div><\/a><\/div><\/div>[\/vc_column][vc_column width=\u00a0\u00bb1\/2&Prime; offset=\u00a0\u00bbvc_col-xs-12&Prime;]<div class=\"animate-in d-inline-flex flex-column w-100\" data-anim-type=\"fade-in-up\" data-anim-delay=\"0\"><div class=\"card w-100 h-100 bg-heading-default bg-transparent  vc_custom_1713473546159 text-left w-100 d-inline-block pix-hover-item rounded-lg position-relative overflow-hidden text-white\" ><img decoding=\"async\" srcset=\"https:\/\/internationalplus.net\/wp-content\/uploads\/2024\/02\/aesthetic-before-after-category-2-300x300.webp 300w, https:\/\/internationalplus.net\/wp-content\/uploads\/2024\/02\/aesthetic-before-after-category-2-150x150.webp 150w, https:\/\/internationalplus.net\/wp-content\/uploads\/2024\/02\/aesthetic-before-after-category-2-768x768.webp 768w, https:\/\/internationalplus.net\/wp-content\/uploads\/2024\/02\/aesthetic-before-after-category-2-1024x1024.webp 1024w, https:\/\/internationalplus.net\/wp-content\/uploads\/2024\/02\/aesthetic-before-after-category-2-1536x1536.webp 1536w, https:\/\/internationalplus.net\/wp-content\/uploads\/2024\/02\/aesthetic-before-after-category-2-500x500.webp 500w, https:\/\/internationalplus.net\/wp-content\/uploads\/2024\/02\/aesthetic-before-after-category-2-800x800.webp 800w, https:\/\/internationalplus.net\/wp-content\/uploads\/2024\/02\/aesthetic-before-after-category-2-1280x1280.webp 1280w, https:\/\/internationalplus.net\/wp-content\/uploads\/2024\/02\/aesthetic-before-after-category-2-400x400.webp 400w, https:\/\/internationalplus.net\/wp-content\/uploads\/2024\/02\/aesthetic-before-after-category-2-75x75.webp 75w, https:\/\/internationalplus.net\/wp-content\/uploads\/2024\/02\/aesthetic-before-after-category-2-460x460.webp 460w, https:\/\/internationalplus.net\/wp-content\/uploads\/2024\/02\/aesthetic-before-after-category-2.webp 1620w\" src=\"https:\/\/internationalplus.net\/wp-content\/uploads\/2024\/02\/aesthetic-before-after-category-2.webp\" class=\"card-img pix-bg-image h-100 pix-img-scale pix-opacity-10 rounded-lg \" alt=\"Esth\u00e9tique (avant, apr\u00e8s)\" title=\"\"><a href=\"\/fr\/avant-apres\/esthetique-avant-apres\/\"  class=\"card-img-overlay2 d-inline-block w-100 pix-img-overlay pix-p-10 d-flex align-items-end\" style=\"min-height:590px;\"><div class=\"w-100\"><div class=\"card-content-box pix-p-20 rounded-lg w-100 shadow  bg-white d-flex justify-content-between align-items-center\"><h6 class=\"card-title font-weight-bold  text-heading-default m-0 w-100\" style=\"\">Esth\u00e9tique (avant, apr\u00e8s)<\/h6><\/div><\/div><\/a><\/div><\/div>[\/vc_column][\/vc_row][vc_row pix_particles_check=\u00a0\u00bb\u00a0\u00bb][vc_column width=\u00a0\u00bb1\/2&Prime; offset=\u00a0\u00bbvc_col-xs-12&Prime;]<div class=\"animate-in d-inline-flex flex-column w-100\" data-anim-type=\"fade-in-up\" data-anim-delay=\"0\"><div class=\"card w-100 h-100 bg-heading-default bg-transparent  vc_custom_1713473552440 text-left w-100 d-inline-block pix-hover-item rounded-lg position-relative overflow-hidden text-white\" ><img decoding=\"async\" srcset=\"https:\/\/internationalplus.net\/wp-content\/uploads\/2024\/02\/hair-transplantation-before-after-category-300x300.webp 300w, https:\/\/internationalplus.net\/wp-content\/uploads\/2024\/02\/hair-transplantation-before-after-category-150x150.webp 150w, https:\/\/internationalplus.net\/wp-content\/uploads\/2024\/02\/hair-transplantation-before-after-category-768x768.webp 768w, https:\/\/internationalplus.net\/wp-content\/uploads\/2024\/02\/hair-transplantation-before-after-category-1024x1024.webp 1024w, https:\/\/internationalplus.net\/wp-content\/uploads\/2024\/02\/hair-transplantation-before-after-category-1536x1536.webp 1536w, https:\/\/internationalplus.net\/wp-content\/uploads\/2024\/02\/hair-transplantation-before-after-category-500x500.webp 500w, https:\/\/internationalplus.net\/wp-content\/uploads\/2024\/02\/hair-transplantation-before-after-category-800x800.webp 800w, https:\/\/internationalplus.net\/wp-content\/uploads\/2024\/02\/hair-transplantation-before-after-category-1280x1280.webp 1280w, https:\/\/internationalplus.net\/wp-content\/uploads\/2024\/02\/hair-transplantation-before-after-category-400x400.webp 400w, https:\/\/internationalplus.net\/wp-content\/uploads\/2024\/02\/hair-transplantation-before-after-category-75x75.webp 75w, https:\/\/internationalplus.net\/wp-content\/uploads\/2024\/02\/hair-transplantation-before-after-category-460x460.webp 460w, https:\/\/internationalplus.net\/wp-content\/uploads\/2024\/02\/hair-transplantation-before-after-category.webp 1620w\" src=\"https:\/\/internationalplus.net\/wp-content\/uploads\/2024\/02\/hair-transplantation-before-after-category.webp\" class=\"card-img pix-bg-image h-100 pix-img-scale pix-opacity-10 rounded-lg \" alt=\"Greffe de cheveux (avant, apr\u00e8s)\" title=\"\"><a href=\"\/fr\/avant-apres\/greffe-de-cheveux-avant-apres\/\"  class=\"card-img-overlay2 d-inline-block w-100 pix-img-overlay pix-p-10 d-flex align-items-end\" style=\"min-height:590px;\"><div class=\"w-100\"><div class=\"card-content-box pix-p-20 rounded-lg w-100 shadow  bg-white d-flex justify-content-between align-items-center\"><h6 class=\"card-title font-weight-bold  text-heading-default m-0 w-100\" style=\"\">Greffe de cheveux (avant, apr\u00e8s)<\/h6><\/div><\/div><\/a><\/div><\/div>[\/vc_column][vc_column width=\u00a0\u00bb1\/2&Prime; offset=\u00a0\u00bbvc_col-xs-12&Prime;]<div class=\"animate-in d-inline-flex flex-column w-100\" data-anim-type=\"fade-in-up\" data-anim-delay=\"0\"><div class=\"card w-100 h-100 bg-heading-default bg-transparent  vc_custom_1714692570571 text-left w-100 d-inline-block pix-hover-item rounded-lg position-relative overflow-hidden text-white\" ><img decoding=\"async\" srcset=\"https:\/\/internationalplus.net\/wp-content\/uploads\/2024\/02\/medical-aesthetics-before-after-category-1-300x300.webp 300w, https:\/\/internationalplus.net\/wp-content\/uploads\/2024\/02\/medical-aesthetics-before-after-category-1-150x150.webp 150w, https:\/\/internationalplus.net\/wp-content\/uploads\/2024\/02\/medical-aesthetics-before-after-category-1-768x768.webp 768w, https:\/\/internationalplus.net\/wp-content\/uploads\/2024\/02\/medical-aesthetics-before-after-category-1-1024x1024.webp 1024w, https:\/\/internationalplus.net\/wp-content\/uploads\/2024\/02\/medical-aesthetics-before-after-category-1-1536x1536.webp 1536w, https:\/\/internationalplus.net\/wp-content\/uploads\/2024\/02\/medical-aesthetics-before-after-category-1-500x500.webp 500w, https:\/\/internationalplus.net\/wp-content\/uploads\/2024\/02\/medical-aesthetics-before-after-category-1-800x800.webp 800w, https:\/\/internationalplus.net\/wp-content\/uploads\/2024\/02\/medical-aesthetics-before-after-category-1-1280x1280.webp 1280w, https:\/\/internationalplus.net\/wp-content\/uploads\/2024\/02\/medical-aesthetics-before-after-category-1-400x400.webp 400w, https:\/\/internationalplus.net\/wp-content\/uploads\/2024\/02\/medical-aesthetics-before-after-category-1-75x75.webp 75w, https:\/\/internationalplus.net\/wp-content\/uploads\/2024\/02\/medical-aesthetics-before-after-category-1-460x460.webp 460w, https:\/\/internationalplus.net\/wp-content\/uploads\/2024\/02\/medical-aesthetics-before-after-category-1.webp 1620w\" src=\"https:\/\/internationalplus.net\/wp-content\/uploads\/2024\/02\/medical-aesthetics-before-after-category-1.webp\" class=\"card-img pix-bg-image h-100 pix-img-scale pix-opacity-10 rounded-lg \" alt=\"Esth\u00e9tique m\u00e9dicale (avant, apr\u00e8s)\" title=\"\"><a href=\"\/fr\/avant-apres\/medico-esthetique-avant-apres\/\"  class=\"card-img-overlay2 d-inline-block w-100 pix-img-overlay pix-p-10 d-flex align-items-end\" style=\"min-height:590px;\"><div class=\"w-100\"><div class=\"card-content-box pix-p-20 rounded-lg w-100 shadow  bg-white d-flex justify-content-between align-items-center\"><h6 class=\"card-title font-weight-bold  text-heading-default m-0 w-100\" style=\"\">Esth\u00e9tique m\u00e9dicale (avant, apr\u00e8s)<\/h6><\/div><\/div><\/a><\/div><\/div>[\/vc_column][\/vc_row][vc_row pix_particles_check=\u00a0\u00bb\u00a0\u00bb][vc_column width=\u00a0\u00bb1\/2&Prime; offset=\u00a0\u00bbvc_col-xs-12&Prime;]<div class=\"animate-in d-inline-flex flex-column w-100\" data-anim-type=\"fade-in-up\" data-anim-delay=\"0\"><div class=\"card w-100 h-100 bg-heading-default bg-transparent  vc_custom_1713473559188 text-left w-100 d-inline-block pix-hover-item rounded-lg position-relative overflow-hidden text-white\" ><img decoding=\"async\" srcset=\"https:\/\/internationalplus.net\/wp-content\/uploads\/2024\/02\/bariatric-surgery-before-after-category-1-300x300.webp 300w, https:\/\/internationalplus.net\/wp-content\/uploads\/2024\/02\/bariatric-surgery-before-after-category-1-150x150.webp 150w, https:\/\/internationalplus.net\/wp-content\/uploads\/2024\/02\/bariatric-surgery-before-after-category-1-768x768.webp 768w, https:\/\/internationalplus.net\/wp-content\/uploads\/2024\/02\/bariatric-surgery-before-after-category-1-1024x1024.webp 1024w, https:\/\/internationalplus.net\/wp-content\/uploads\/2024\/02\/bariatric-surgery-before-after-category-1-1536x1536.webp 1536w, https:\/\/internationalplus.net\/wp-content\/uploads\/2024\/02\/bariatric-surgery-before-after-category-1-500x500.webp 500w, https:\/\/internationalplus.net\/wp-content\/uploads\/2024\/02\/bariatric-surgery-before-after-category-1-800x800.webp 800w, https:\/\/internationalplus.net\/wp-content\/uploads\/2024\/02\/bariatric-surgery-before-after-category-1-1280x1280.webp 1280w, https:\/\/internationalplus.net\/wp-content\/uploads\/2024\/02\/bariatric-surgery-before-after-category-1-400x400.webp 400w, https:\/\/internationalplus.net\/wp-content\/uploads\/2024\/02\/bariatric-surgery-before-after-category-1-75x75.webp 75w, https:\/\/internationalplus.net\/wp-content\/uploads\/2024\/02\/bariatric-surgery-before-after-category-1-460x460.webp 460w, https:\/\/internationalplus.net\/wp-content\/uploads\/2024\/02\/bariatric-surgery-before-after-category-1.webp 1620w\" src=\"https:\/\/internationalplus.net\/wp-content\/uploads\/2024\/02\/bariatric-surgery-before-after-category-1.webp\" class=\"card-img pix-bg-image h-100 pix-img-scale pix-opacity-10 rounded-lg \" alt=\"Chirurgie bariatrique (avant, apr\u00e8s)\" title=\"\"><a href=\"\/fr\/avant-apres\/chirurgie-bariatrique-avant-apres\/\"  class=\"card-img-overlay2 d-inline-block w-100 pix-img-overlay pix-p-10 d-flex align-items-end\" style=\"min-height:590px;\"><div class=\"w-100\"><div class=\"card-content-box pix-p-20 rounded-lg w-100 shadow  bg-white d-flex justify-content-between align-items-center\"><h6 class=\"card-title font-weight-bold  text-heading-default m-0 w-100\" style=\"\">Chirurgie bariatrique (avant, apr\u00e8s)<\/h6><\/div><\/div><\/a><\/div><\/div>[\/vc_column][vc_column width=\u00a0\u00bb1\/2&Prime; offset=\u00a0\u00bbvc_col-xs-12&Prime;]<div class=\"animate-in d-inline-flex flex-column w-100\" data-anim-type=\"fade-in-up\" data-anim-delay=\"0\"><div class=\"card w-100 h-100 bg-heading-default bg-transparent  vc_custom_1747138843195 text-left w-100 d-inline-block pix-hover-item rounded-lg position-relative overflow-hidden text-white\" ><img decoding=\"async\" srcset=\"https:\/\/internationalplus.net\/wp-content\/uploads\/2024\/02\/all-treatments-before-after-category-300x300.webp 300w, https:\/\/internationalplus.net\/wp-content\/uploads\/2024\/02\/all-treatments-before-after-category-150x150.webp 150w, https:\/\/internationalplus.net\/wp-content\/uploads\/2024\/02\/all-treatments-before-after-category-768x768.webp 768w, https:\/\/internationalplus.net\/wp-content\/uploads\/2024\/02\/all-treatments-before-after-category-1024x1024.webp 1024w, https:\/\/internationalplus.net\/wp-content\/uploads\/2024\/02\/all-treatments-before-after-category-1536x1536.webp 1536w, https:\/\/internationalplus.net\/wp-content\/uploads\/2024\/02\/all-treatments-before-after-category-500x500.webp 500w, https:\/\/internationalplus.net\/wp-content\/uploads\/2024\/02\/all-treatments-before-after-category-800x800.webp 800w, https:\/\/internationalplus.net\/wp-content\/uploads\/2024\/02\/all-treatments-before-after-category-1280x1280.webp 1280w, https:\/\/internationalplus.net\/wp-content\/uploads\/2024\/02\/all-treatments-before-after-category-400x400.webp 400w, https:\/\/internationalplus.net\/wp-content\/uploads\/2024\/02\/all-treatments-before-after-category-75x75.webp 75w, https:\/\/internationalplus.net\/wp-content\/uploads\/2024\/02\/all-treatments-before-after-category-460x460.webp 460w, https:\/\/internationalplus.net\/wp-content\/uploads\/2024\/02\/all-treatments-before-after-category.webp 1620w\" src=\"https:\/\/internationalplus.net\/wp-content\/uploads\/2024\/02\/all-treatments-before-after-category.webp\" class=\"card-img pix-bg-image h-100 pix-img-scale pix-opacity-10 rounded-lg \" alt=\"Tous les traitements\" title=\"\"><a href=\"\/fr\/avant-apres\/tous-les-traitements\/\"  class=\"card-img-overlay2 d-inline-block w-100 pix-img-overlay pix-p-10 d-flex align-items-end\" style=\"min-height:590px;\"><div class=\"w-100\"><div class=\"card-content-box pix-p-20 rounded-lg w-100 shadow  bg-white d-flex justify-content-between align-items-center\"><h6 class=\"card-title font-weight-bold  text-heading-default m-0 w-100\" style=\"\">Tous les traitements<\/h6><\/div><\/div><\/a><\/div><\/div>[\/vc_column][\/vc_row][\/vc_section]<\/p>\n<\/div>","protected":false},"excerpt":{"rendered":"<p>[vc_section full_width=\u00a0\u00bbstretch_row\u00a0\u00bb pix_over_visibility=\u00a0\u00bb\u00a0\u00bb responsive_css=\u00a0\u00bb{\u00ab\u00a0pix_res_sm_pt\u00ab\u00a0:\u00ab\u00a030\u00ab\u00a0,\u00ab\u00a0pix_res_sm_pb\u00ab\u00a0:\u00ab\u00a030\u00ab\u00a0}\u00a0\u00bb css=\u00a0\u00bb.vc_custom_1712403796899{padding-top: 30px !important;padding-bottom: 30px !important;background-color: #fafafa !important;}\u00a0\u00bb el_class=\u00a0\u00bbhome-services\u00a0\u00bb][vc_row pix_particles_check=\u00a0\u00bb\u00a0\u00bb][vc_column width=\u00a0\u00bb1\/2&Prime; offset=\u00a0\u00bbvc_col-xs-12&Prime;][\/vc_column][vc_column width=\u00a0\u00bb1\/2&Prime; offset=\u00a0\u00bbvc_col-xs-12&Prime;][\/vc_column][\/vc_row][vc_row pix_particles_check=\u00a0\u00bb\u00a0\u00bb][vc_column width=\u00a0\u00bb1\/2&Prime; offset=\u00a0\u00bbvc_col-xs-12&Prime;][\/vc_column][vc_column width=\u00a0\u00bb1\/2&Prime; offset=\u00a0\u00bbvc_col-xs-12&Prime;][\/vc_column][\/vc_row][vc_row pix_particles_check=\u00a0\u00bb\u00a0\u00bb][vc_column width=\u00a0\u00bb1\/2&Prime; offset=\u00a0\u00bbvc_col-xs-12&Prime;][\/vc_column][vc_column width=\u00a0\u00bb1\/2&Prime; offset=\u00a0\u00bbvc_col-xs-12&Prime;][\/vc_column][\/vc_row][\/vc_section]<\/p>\n","protected":false},"author":1,"featured_media":0,"parent":0,"menu_order":0,"comment_status":"closed","ping_status":"closed","template":"","meta":{"_vp_format_video_url":"","_vp_image_focal_point":[],"_joinchat":[],"footnotes":""},"class_list":["post-20491","page","type-page","status-publish","hentry"],"_links":{"self":[{"href":"https:\/\/internationalplus.net\/fr\/wp-json\/wp\/v2\/pages\/20491","targetHints":{"allow":["GET"]}}],"collection":[{"href":"https:\/\/internationalplus.net\/fr\/wp-json\/wp\/v2\/pages"}],"about":[{"href":"https:\/\/internationalplus.net\/fr\/wp-json\/wp\/v2\/types\/page"}],"author":[{"embeddable":true,"href":"https:\/\/internationalplus.net\/fr\/wp-json\/wp\/v2\/users\/1"}],"replies":[{"embeddable":true,"href":"https:\/\/internationalplus.net\/fr\/wp-json\/wp\/v2\/comments?post=20491"}],"version-history":[{"count":0,"href":"https:\/\/internationalplus.net\/fr\/wp-json\/wp\/v2\/pages\/20491\/revisions"}],"wp:attachment":[{"href":"https:\/\/internationalplus.net\/fr\/wp-json\/wp\/v2\/media?parent=20491"}],"curies":[{"name":"wp","href":"https:\/\/api.w.org\/{rel}","templated":true}]}}