{"id":15943,"date":"2024-01-17T15:25:37","date_gmt":"2024-01-17T12:25:37","guid":{"rendered":"https:\/\/internationalplus.net\/privacy-policy\/"},"modified":"2024-04-14T09:21:33","modified_gmt":"2024-04-14T09:21:33","slug":"datenschutzrichtlinie","status":"publish","type":"page","link":"https:\/\/internationalplus.net\/de\/datenschutzrichtlinie\/","title":{"rendered":"Datenschutzrichtlinie"},"content":{"rendered":"<div class=\"wpb-content-wrapper\"><p>[vc_row pix_particles_check=&#8220;&#8220;][vc_column][vc_column_text]International Plus betreibt die Website https:\/\/internationalplus.net\/ (die \u201e\u00c4sthetik, Zahnbehandlung, bariatrische Chirurgie und Haartransplantation\u201c).<\/p>\n<p>Auf dieser Seite informieren wir Sie \u00fcber unsere Richtlinien zur Erhebung, Nutzung und Offenlegung personenbezogener Daten bei der Nutzung unseres Dienstes sowie \u00fcber die Wahlm\u00f6glichkeiten, die Sie mit diesen Daten haben.<\/p>\n<p>Wir nutzen Ihre Daten zur Bereitstellung und Verbesserung des Dienstes. Durch die Nutzung des Dienstes stimmen Sie der Erfassung und Nutzung von Informationen gem\u00e4\u00df dieser Richtlinie zu. Sofern in dieser Datenschutzrichtlinie nichts anderes definiert ist, haben die in dieser Datenschutzrichtlinie verwendeten Begriffe dieselbe Bedeutung wie in unseren Allgemeinen Gesch\u00e4ftsbedingungen, die unter https:\/\/internationalplus.net\/ abrufbar sind.<\/p>\n<p><strong>ERFASSUNG UND VERWENDUNG VON INFORMATIONEN<\/strong><\/p>\n<p>Wir sammeln verschiedene Arten von Informationen f\u00fcr verschiedene Zwecke, um Ihnen unseren Service bereitzustellen und zu verbessern.<\/p>\n<p>Arten der erfassten Daten<\/p>\n<p><strong>PERS\u00d6NLICHE DATEN<\/strong><\/p>\n<p>W\u00e4hrend der Nutzung unseres Dienstes bitten wir Sie m\u00f6glicherweise um die Angabe bestimmter personenbezogener Daten, die zur Kontaktaufnahme oder Identifizierung mit Ihnen verwendet werden k\u00f6nnen (\u201epersonenbezogene Daten\u201c). Pers\u00f6nlich identifizierbare Informationen k\u00f6nnen unter anderem sein:<\/p>\n<p>E-Mail-Adresse<\/p>\n<p>Vorname und Nachname<\/p>\n<p>Telefonnummer<\/p>\n<p>Adresse, Bundesland, Provinz, Postleitzahl, Stadt<\/p>\n<p>Cookies und Nutzungsdaten<\/p>\n<p><strong>NUTZUNGSDATEN<\/strong><\/p>\n<p>Wir k\u00f6nnen auch Informationen dar\u00fcber sammeln, wie auf den Dienst zugegriffen und er genutzt wird (\u201eNutzungsdaten\u201c). Diese Nutzungsdaten k\u00f6nnen Informationen wie die Internetprotokolladresse Ihres Computers (z. B. IP-Adresse), den Browsertyp, die Browserversion, die Seiten unseres Dienstes, die Sie besuchen, die Uhrzeit und das Datum Ihres Besuchs, die auf diesen Seiten verbrachte Zeit usw. umfassen Ger\u00e4tekennungen und andere Diagnosedaten.<\/p>\n<p><strong>TRACKING- UND COOKIES-DATEN<\/strong><\/p>\n<p>Wir verwenden Cookies und \u00e4hnliche Tracking-Technologien, um die Aktivit\u00e4t auf unserem Service zu verfolgen und bestimmte Informationen zu speichern.<\/p>\n<p>Cookies sind Dateien mit einer kleinen Datenmenge, die eine anonyme eindeutige Kennung enthalten k\u00f6nnen. Cookies werden von einer Website an Ihren Browser gesendet und auf Ihrem Ger\u00e4t gespeichert. Zu den ebenfalls verwendeten Tracking-Technologien geh\u00f6ren Beacons, Tags und Skripte, um Informationen zu sammeln und zu verfolgen und unseren Service zu verbessern und zu analysieren.<\/p>\n<p>Sie k\u00f6nnen Ihren Browser anweisen, alle Cookies abzulehnen oder anzuzeigen, wann ein Cookie gesendet wird. Wenn Sie jedoch keine Cookies akzeptieren, k\u00f6nnen Sie m\u00f6glicherweise einige Teile unseres Dienstes nicht nutzen.<\/p>\n<p><strong>BEISPIELE F\u00dcR VON UNS VERWENDETE COOKIES:<\/strong><\/p>\n<p>Sitzungscookies. Wir verwenden Sitzungscookies, um unseren Service zu betreiben.<\/p>\n<p>Pr\u00e4ferenz-Cookies. Wir verwenden Pr\u00e4ferenz-Cookies, um Ihre Pr\u00e4ferenzen und verschiedene Einstellungen zu speichern.<\/p>\n<p>Sicherheitscookies. Aus Sicherheitsgr\u00fcnden verwenden wir Sicherheitscookies.<\/p>\n<p><strong>VERWENDUNG VON DATEN<\/strong><\/p>\n<p>International Plus nutzt die erhobenen Daten f\u00fcr verschiedene Zwecke:<\/p>\n<p>Zur Bereitstellung und Aufrechterhaltung des Dienstes<\/p>\n<p>Um Sie \u00fcber \u00c4nderungen an unserem Service zu informieren<\/p>\n<p>Um Ihnen die Teilnahme an interaktiven Funktionen unseres Dienstes zu erm\u00f6glichen, wenn Sie dies w\u00fcnschen<\/p>\n<p>Bereitstellung von Kundenbetreuung und Support<\/p>\n<p>Um Analysen oder wertvolle Informationen bereitzustellen, damit wir den Service verbessern k\u00f6nnen<\/p>\n<p>Um die Nutzung des Dienstes zu \u00fcberwachen<\/p>\n<p>Um technische Probleme zu erkennen, zu verhindern und zu beheben<\/p>\n<p><strong>\u00dcBERTRAGUNG VON DATEN<\/strong><\/p>\n<p>Ihre Informationen, einschlie\u00dflich personenbezogener Daten, k\u00f6nnen an Computer \u00fcbertragen und dort gespeichert werden, die sich au\u00dferhalb Ihres Staates, Ihrer Provinz, Ihres Landes oder einer anderen Regierungsgerichtsbarkeit befinden, wo die Datenschutzgesetze m\u00f6glicherweise von denen Ihrer Gerichtsbarkeit abweichen.<\/p>\n<p>Wenn Sie sich au\u00dferhalb der T\u00fcrkei befinden und uns Informationen zur Verf\u00fcgung stellen m\u00f6chten, beachten Sie bitte, dass wir die Daten, einschlie\u00dflich personenbezogener Daten, in die T\u00fcrkei \u00fcbermitteln und dort verarbeiten.<\/p>\n<p>Ihre Zustimmung zu dieser Datenschutzrichtlinie und die anschlie\u00dfende \u00dcbermittlung dieser Informationen stellen Ihr Einverst\u00e4ndnis mit dieser \u00dcbertragung dar.<\/p>\n<p>International Plus wird alle vern\u00fcnftigerweise notwendigen Schritte unternehmen, um sicherzustellen, dass Ihre Daten sicher und in \u00dcbereinstimmung mit dieser Datenschutzrichtlinie behandelt werden und keine \u00dcbermittlung Ihrer personenbezogenen Daten an eine Organisation oder ein Land erfolgt, es sei denn, es sind angemessene Kontrollen vorhanden, einschlie\u00dflich der Sicherheit von Ihre Daten und andere pers\u00f6nliche Informationen.<\/p>\n<p>Offenlegung von Daten<\/p>\n<p><strong>RECHTLICHE ANFORDERUNGEN<\/strong><\/p>\n<p>International Plus kann Ihre personenbezogenen Daten offenlegen, wenn es nach Treu und Glauben davon ausgeht, dass eine solche Ma\u00dfnahme erforderlich ist, um:<\/p>\n<p>Um einer gesetzlichen Verpflichtung nachzukommen<\/p>\n<p>Zum Schutz und zur Verteidigung der Rechte oder des Eigentums von International Plus<\/p>\n<p>Um m\u00f6gliches Fehlverhalten im Zusammenhang mit dem Dienst zu verhindern oder zu untersuchen<\/p>\n<p>Zum Schutz der pers\u00f6nlichen Sicherheit der Nutzer des Dienstes oder der \u00d6ffentlichkeit<\/p>\n<p>Zum Schutz vor gesetzlicher Haftung<\/p>\n<p><strong>DATENSICHERHEIT<\/strong><\/p>\n<p>Die Sicherheit Ihrer Daten ist uns wichtig, aber denken Sie daran, dass keine Methode der \u00dcbertragung \u00fcber das Internet oder Methode der elektronischen Speicherung zu 100 % sicher ist. Obwohl wir uns bem\u00fchen, Ihre personenbezogenen Daten mit kommerziell akzeptablen Mitteln zu sch\u00fctzen, k\u00f6nnen wir deren absolute Sicherheit nicht garantieren.<\/p>\n<p><strong>DIENSTLEISTER<\/strong><\/p>\n<p>Wir k\u00f6nnen Drittunternehmen und Einzelpersonen damit beauftragen, unseren Dienst zu erm\u00f6glichen (\u201eDienstleister\u201c), den Dienst in unserem Namen bereitzustellen, dienstbezogene Dienstleistungen zu erbringen oder uns bei der Analyse der Nutzung unseres Dienstes zu unterst\u00fctzen.<\/p>\n<p>Diese Dritten haben nur Zugriff auf Ihre personenbezogenen Daten, um diese Aufgaben in unserem Namen auszuf\u00fchren[\/vc_column_text][\/vc_column][\/vc_row]<\/p>\n<\/div>","protected":false},"excerpt":{"rendered":"<p>[vc_row pix_particles_check=&#8220;&#8220;][vc_column][vc_column_text]International Plus betreibt die Website https:\/\/internationalplus.net\/ (die \u201e\u00c4sthetik, Zahnbehandlung, bariatrische Chirurgie und Haartransplantation\u201c). Auf dieser Seite informieren wir Sie \u00fcber unsere Richtlinien zur Erhebung, Nutzung und Offenlegung personenbezogener Daten bei der Nutzung unseres Dienstes sowie \u00fcber die Wahlm\u00f6glichkeiten, die&#8230;<\/p>\n","protected":false},"author":1,"featured_media":0,"parent":0,"menu_order":0,"comment_status":"closed","ping_status":"closed","template":"","meta":{"_vp_format_video_url":"","_vp_image_focal_point":[],"_joinchat":[],"footnotes":""},"class_list":["post-15943","page","type-page","status-publish","hentry"],"_links":{"self":[{"href":"https:\/\/internationalplus.net\/de\/wp-json\/wp\/v2\/pages\/15943","targetHints":{"allow":["GET"]}}],"collection":[{"href":"https:\/\/internationalplus.net\/de\/wp-json\/wp\/v2\/pages"}],"about":[{"href":"https:\/\/internationalplus.net\/de\/wp-json\/wp\/v2\/types\/page"}],"author":[{"embeddable":true,"href":"https:\/\/internationalplus.net\/de\/wp-json\/wp\/v2\/users\/1"}],"replies":[{"embeddable":true,"href":"https:\/\/internationalplus.net\/de\/wp-json\/wp\/v2\/comments?post=15943"}],"version-history":[{"count":0,"href":"https:\/\/internationalplus.net\/de\/wp-json\/wp\/v2\/pages\/15943\/revisions"}],"wp:attachment":[{"href":"https:\/\/internationalplus.net\/de\/wp-json\/wp\/v2\/media?parent=15943"}],"curies":[{"name":"wp","href":"https:\/\/api.w.org\/{rel}","templated":true}]}}